{"id":506,"date":"2022-03-18T15:20:32","date_gmt":"2022-03-18T14:20:32","guid":{"rendered":"https:\/\/heimatmuseum-windeck.de\/wp\/?page_id=506"},"modified":"2022-03-31T20:03:57","modified_gmt":"2022-03-31T18:03:57","slug":"die-neuen-bauten-und-projekte","status":"publish","type":"page","link":"https:\/\/heimatmuseum-windeck.de\/?page_id=506","title":{"rendered":"Die neuen Bauten und Projekte"},"content":{"rendered":"\t\t<div data-elementor-type=\"wp-page\" data-elementor-id=\"506\" class=\"elementor elementor-506\">\n\t\t\t\t\t\t<section class=\"elementor-section elementor-top-section elementor-element elementor-element-3d9f41f elementor-section-boxed elementor-section-height-default elementor-section-height-default\" data-id=\"3d9f41f\" data-element_type=\"section\" data-e-type=\"section\">\n\t\t\t\t\t\t<div class=\"elementor-container elementor-column-gap-default\">\n\t\t\t\t\t<div class=\"elementor-column elementor-col-100 elementor-top-column elementor-element elementor-element-ab70444\" data-id=\"ab70444\" data-element_type=\"column\" data-e-type=\"column\">\n\t\t\t<div class=\"elementor-widget-wrap elementor-element-populated\">\n\t\t\t\t\t\t<div class=\"elementor-element elementor-element-fe8b6ef elementor-widget elementor-widget-heading\" data-id=\"fe8b6ef\" data-element_type=\"widget\" data-e-type=\"widget\" data-widget_type=\"heading.default\">\n\t\t\t\t<div class=\"elementor-widget-container\">\n\t\t\t\t\t<h2 class=\"elementor-heading-title elementor-size-medium\">Fachwerkscheune Gutm\u00fchle mit S\u00e4gewerk<\/h2>\t\t\t\t<\/div>\n\t\t\t\t<\/div>\n\t\t\t\t<div class=\"elementor-element elementor-element-f72b9d7 elementor-widget elementor-widget-text-editor\" data-id=\"f72b9d7\" data-element_type=\"widget\" data-e-type=\"widget\" data-widget_type=\"text-editor.default\">\n\t\t\t\t<div class=\"elementor-widget-container\">\n\t\t\t\t\t\t\t\t\t<p style=\"text-align: left;\">Der F\u00f6rderverein des Heimatmuseums erg\u00e4nzte sein Museums<a href=\"https:\/\/heimatmuseum-windeck.de\/wp\/wp-content\/uploads\/1647785020594.jpg\" data-rel=\"lightbox-image-0\" data-rl_title=\"S\u00e4gem\u00fchle\" data-rl_caption=\"S\u00e4gem\u00fchle\" title=\"S\u00e4gem\u00fchle\"><img fetchpriority=\"high\" decoding=\"async\" class=\"alignleft wp-image-755 size-medium\" src=\"https:\/\/heimatmuseum-windeck.de\/wp\/wp-content\/uploads\/1647785020594-300x186.jpg\" alt=\"\" width=\"300\" height=\"186\" srcset=\"https:\/\/heimatmuseum-windeck.de\/wp\/wp-content\/uploads\/1647785020594-300x186.jpg 300w, https:\/\/heimatmuseum-windeck.de\/wp\/wp-content\/uploads\/1647785020594-1024x633.jpg 1024w, https:\/\/heimatmuseum-windeck.de\/wp\/wp-content\/uploads\/1647785020594-768x475.jpg 768w, https:\/\/heimatmuseum-windeck.de\/wp\/wp-content\/uploads\/1647785020594-1536x950.jpg 1536w, https:\/\/heimatmuseum-windeck.de\/wp\/wp-content\/uploads\/1647785020594-2048x1267.jpg 2048w\" sizes=\"(max-width: 300px) 100vw, 300px\" \/><\/a>dorf 2008 um eine alte Fachwerkscheune aus Gutm\u00fchle. In dieses Geb\u00e4ude aus dem Jahre 1850 wurde ein historisches <strong>S\u00e4gewerk<\/strong> aus Much-Marienfeld eingestellt. Diese Anlage aus dem Jahre 1934 l\u00e4sst nicht nur die Besucher am Burgmarkt staunen, sondern wird auch noch f\u00fcr museumseigene S\u00e4gearbeiten genutzt.<\/p><p>Sehen Sie <span style=\"text-decoration: underline;\"><em><strong><a href=\"https:\/\/www.youtube.com\/watch?v=dIcuS8ESP-o&amp;list=UUsNS9eFwkznQmG7vPMWDiOQ&amp;index=13\">hier<\/a> <\/strong><\/em><\/span>das S\u00e4gewerk auf dem Handwerkermarkt in Aktion.<\/p>\t\t\t\t\t\t\t\t<\/div>\n\t\t\t\t<\/div>\n\t\t\t\t<div class=\"elementor-element elementor-element-3897e7e elementor-widget elementor-widget-spacer\" data-id=\"3897e7e\" data-element_type=\"widget\" data-e-type=\"widget\" data-widget_type=\"spacer.default\">\n\t\t\t\t<div class=\"elementor-widget-container\">\n\t\t\t\t\t\t\t<div class=\"elementor-spacer\">\n\t\t\t<div class=\"elementor-spacer-inner\"><\/div>\n\t\t<\/div>\n\t\t\t\t\t\t<\/div>\n\t\t\t\t<\/div>\n\t\t\t\t<div class=\"elementor-element elementor-element-1eef91e elementor-widget elementor-widget-heading\" data-id=\"1eef91e\" data-element_type=\"widget\" data-e-type=\"widget\" data-widget_type=\"heading.default\">\n\t\t\t\t<div class=\"elementor-widget-container\">\n\t\t\t\t\t<h2 class=\"elementor-heading-title elementor-size-medium\">Der ehemalige H\u00fchnerstall mit der Schnapsbrennerei<\/h2>\t\t\t\t<\/div>\n\t\t\t\t<\/div>\n\t\t\t\t<div class=\"elementor-element elementor-element-fa69994 elementor-widget elementor-widget-text-editor\" data-id=\"fa69994\" data-element_type=\"widget\" data-e-type=\"widget\" data-widget_type=\"text-editor.default\">\n\t\t\t\t<div class=\"elementor-widget-container\">\n\t\t\t\t\t\t\t\t\t<p><a href=\"https:\/\/heimatmuseum-windeck.de\/wp\/wp-content\/uploads\/1647785020589-scaled.jpg\" data-rel=\"lightbox-image-1\" data-rl_title=\"Obstpresse\" data-rl_caption=\"Obstpresse\" title=\"Obstpresse\"><img decoding=\"async\" class=\"alignright wp-image-758 size-medium\" src=\"https:\/\/heimatmuseum-windeck.de\/wp\/wp-content\/uploads\/1647785020589-138x300.jpg\" alt=\"\" width=\"138\" height=\"300\" srcset=\"https:\/\/heimatmuseum-windeck.de\/wp\/wp-content\/uploads\/1647785020589-138x300.jpg 138w, https:\/\/heimatmuseum-windeck.de\/wp\/wp-content\/uploads\/1647785020589-472x1024.jpg 472w, https:\/\/heimatmuseum-windeck.de\/wp\/wp-content\/uploads\/1647785020589-768x1667.jpg 768w, https:\/\/heimatmuseum-windeck.de\/wp\/wp-content\/uploads\/1647785020589-708x1536.jpg 708w, https:\/\/heimatmuseum-windeck.de\/wp\/wp-content\/uploads\/1647785020589-944x2048.jpg 944w, https:\/\/heimatmuseum-windeck.de\/wp\/wp-content\/uploads\/1647785020589-scaled.jpg 1180w\" sizes=\"(max-width: 138px) 100vw, 138px\" \/><\/a>Nach gut zwei Jahren flei\u00dfiger Restaurationsarbeit konnte der F\u00f6rde<a href=\"https:\/\/heimatmuseum-windeck.de\/wp\/wp-content\/uploads\/1647785020584-scaled.jpg\" data-rel=\"lightbox-image-2\" data-rl_title=\"Schnapsbrennerei\" data-rl_caption=\"Schnapsbrennerei\" title=\"Schnapsbrennerei\"><img decoding=\"async\" class=\"alignleft wp-image-757 size-medium\" src=\"https:\/\/heimatmuseum-windeck.de\/wp\/wp-content\/uploads\/1647785020584-138x300.jpg\" alt=\"\" width=\"138\" height=\"300\" srcset=\"https:\/\/heimatmuseum-windeck.de\/wp\/wp-content\/uploads\/1647785020584-138x300.jpg 138w, https:\/\/heimatmuseum-windeck.de\/wp\/wp-content\/uploads\/1647785020584-472x1024.jpg 472w, https:\/\/heimatmuseum-windeck.de\/wp\/wp-content\/uploads\/1647785020584-768x1667.jpg 768w, https:\/\/heimatmuseum-windeck.de\/wp\/wp-content\/uploads\/1647785020584-708x1536.jpg 708w, https:\/\/heimatmuseum-windeck.de\/wp\/wp-content\/uploads\/1647785020584-944x2048.jpg 944w, https:\/\/heimatmuseum-windeck.de\/wp\/wp-content\/uploads\/1647785020584-scaled.jpg 1180w\" sizes=\"(max-width: 138px) 100vw, 138px\" \/><\/a>rverein im Jahre 2018 einen ehemaligen H\u00fchnerstall aus R\u00f6cklingen als neues Geb\u00e4ude im Museumsdorf einweihen. Hier ist eine kleine <strong>Ausstellung zur Schnapsbrennerei und zur Apfelsaft- und Apfelkrautherstellung<\/strong> untergebracht. Eine Sammlung entsprechender Gl\u00e4ser, Tonkr\u00fcge und Flaschen erg\u00e4nzt diese Sammlung.<\/p><p>Lesen Sie <a href=\"https:\/\/www.rheinische-anzeigenblaetter.de\/windeck\/c-nachrichten\/neues-kleinod-im-museum_a93005\"><span style=\"text-decoration: underline;\"><em><strong>hier<\/strong> <\/em><\/span><\/a>einen Presseberichtericht \u00fcber die Er\u00f6ffnung.<\/p>\t\t\t\t\t\t\t\t<\/div>\n\t\t\t\t<\/div>\n\t\t\t\t<div class=\"elementor-element elementor-element-9caf4e2 elementor-widget elementor-widget-spacer\" data-id=\"9caf4e2\" data-element_type=\"widget\" data-e-type=\"widget\" data-widget_type=\"spacer.default\">\n\t\t\t\t<div class=\"elementor-widget-container\">\n\t\t\t\t\t\t\t<div class=\"elementor-spacer\">\n\t\t\t<div class=\"elementor-spacer-inner\"><\/div>\n\t\t<\/div>\n\t\t\t\t\t\t<\/div>\n\t\t\t\t<\/div>\n\t\t\t\t<div class=\"elementor-element elementor-element-0f9d494 elementor-widget elementor-widget-heading\" data-id=\"0f9d494\" data-element_type=\"widget\" data-e-type=\"widget\" data-widget_type=\"heading.default\">\n\t\t\t\t<div class=\"elementor-widget-container\">\n\t\t\t\t\t<h2 class=\"elementor-heading-title elementor-size-medium\">Restaurierung eines Kleinbauernhauses<\/h2>\t\t\t\t<\/div>\n\t\t\t\t<\/div>\n\t\t\t\t<div class=\"elementor-element elementor-element-3ed5613 elementor-widget elementor-widget-text-editor\" data-id=\"3ed5613\" data-element_type=\"widget\" data-e-type=\"widget\" data-widget_type=\"text-editor.default\">\n\t\t\t\t<div class=\"elementor-widget-container\">\n\t\t\t\t\t\t\t\t\t<div><b>Projekt im Heimatmuseum fertig gestellt<\/b><\/div><div>Was baut ihr denn da? So oder \u00e4hnlich fragten immer wieder Wander<a href=\"https:\/\/heimatmuseum-windeck.de\/wp\/wp-content\/uploads\/1616184930847-scaled.jpg\" data-rel=\"lightbox-image-3\" data-rl_title=\"Peter Simon bei der Restauration\" data-rl_caption=\"Peter Simon bei der Restauration\" title=\"Peter Simon bei der Restauration\"><img loading=\"lazy\" decoding=\"async\" class=\"alignleft wp-image-680\" src=\"https:\/\/heimatmuseum-windeck.de\/wp\/wp-content\/uploads\/1616184930847-300x139.jpg\" alt=\"\" width=\"354\" height=\"164\" srcset=\"https:\/\/heimatmuseum-windeck.de\/wp\/wp-content\/uploads\/1616184930847-300x139.jpg 300w, https:\/\/heimatmuseum-windeck.de\/wp\/wp-content\/uploads\/1616184930847-1024x473.jpg 1024w, https:\/\/heimatmuseum-windeck.de\/wp\/wp-content\/uploads\/1616184930847-768x355.jpg 768w, https:\/\/heimatmuseum-windeck.de\/wp\/wp-content\/uploads\/1616184930847-1536x710.jpg 1536w, https:\/\/heimatmuseum-windeck.de\/wp\/wp-content\/uploads\/1616184930847-2048x946.jpg 2048w\" sizes=\"(max-width: 354px) 100vw, 354px\" \/><\/a>er, die in den letzten beiden Jahren am Heimatmuseum vorbeischauten und das Zelt mit den vielen Balken darunter sahen. Peter Simon konservierte hier im Auftrage des Landschaftsverbandes Rheinland das St\u00e4nderfachwerk eines Kleinbauernhauses. Dieses sog. <strong>Haus Vedder<\/strong> wurde in Stromberg abgerissen und die Balken wurden ins Museumsdorf gebracht.\u00a0 Zwei Jahre war Peter Simon damit besch\u00e4ftigt, die morschen Balken durch neues Holz zu ersetzen, die einzelnen Teile passgenau wieder zusammenzuf\u00fcgen und dann m\u00f6glichst im originalen Farbton zu konservieren. W\u00e4hrend dieser Zeit arbeitete Herr Simon nicht mehr f\u00fcr das Heimatmuseum, was einerseits eine Kostenersparnis f\u00fcr das Museum bedeutet, andererseits h\u00e4ufen sich aber die nicht mehr erledigten t\u00e4glich anfallenden Arbeiten zur Erhaltung des Museumsdorfes. Viel Lob hat er f\u00fcr seine Arbeit schon von den Fachleuten aus dem LVR-Museum in Lindlar bekommen, das diese Arbeit beratend begleitete. Wann und wo das Haus Vedder einmal aufgebaut werden wird, steht derzeit noch nicht fest. Dazu hat die Gemeinde Windeck als Eigent\u00fcmer der Museumsgrundst\u00fccke wohl das letzte Wort. Bei der bekannten Finanznot der Gemeinde kann das noch dauern. Doch ist der Museumsverein optimistisch, dieses sch\u00f6ne Fachwerkhaus einmal auf dem Museumsgel\u00e4nde stehen zu sehen.<\/div>\t\t\t\t\t\t\t\t<\/div>\n\t\t\t\t<\/div>\n\t\t\t\t<div class=\"elementor-element elementor-element-abeaa33 elementor-widget elementor-widget-spacer\" data-id=\"abeaa33\" data-element_type=\"widget\" data-e-type=\"widget\" data-widget_type=\"spacer.default\">\n\t\t\t\t<div class=\"elementor-widget-container\">\n\t\t\t\t\t\t\t<div class=\"elementor-spacer\">\n\t\t\t<div class=\"elementor-spacer-inner\"><\/div>\n\t\t<\/div>\n\t\t\t\t\t\t<\/div>\n\t\t\t\t<\/div>\n\t\t\t\t<div class=\"elementor-element elementor-element-acb1313 elementor-widget elementor-widget-heading\" data-id=\"acb1313\" data-element_type=\"widget\" data-e-type=\"widget\" data-widget_type=\"heading.default\">\n\t\t\t\t<div class=\"elementor-widget-container\">\n\t\t\t\t\t<h2 class=\"elementor-heading-title elementor-size-medium\">Neubau eines Glockent\u00fcrmchens<\/h2>\t\t\t\t<\/div>\n\t\t\t\t<\/div>\n\t\t\t\t<div class=\"elementor-element elementor-element-c02c222 elementor-widget elementor-widget-text-editor\" data-id=\"c02c222\" data-element_type=\"widget\" data-e-type=\"widget\" data-widget_type=\"text-editor.default\">\n\t\t\t\t<div class=\"elementor-widget-container\">\n\t\t\t\t\t\t\t\t\t<p><a href=\"https:\/\/heimatmuseum-windeck.de\/wp\/wp-content\/uploads\/1647785020461-scaled.jpg\" data-rel=\"lightbox-image-4\" data-rl_title=\"Der neue Glockenturm\" data-rl_caption=\"Der neue Glockenturm\" title=\"Der neue Glockenturm\"><img loading=\"lazy\" decoding=\"async\" class=\"alignright wp-image-759 size-medium\" src=\"https:\/\/heimatmuseum-windeck.de\/wp\/wp-content\/uploads\/1647785020461-163x300.jpg\" alt=\"\" width=\"163\" height=\"300\" srcset=\"https:\/\/heimatmuseum-windeck.de\/wp\/wp-content\/uploads\/1647785020461-163x300.jpg 163w, https:\/\/heimatmuseum-windeck.de\/wp\/wp-content\/uploads\/1647785020461-557x1024.jpg 557w, https:\/\/heimatmuseum-windeck.de\/wp\/wp-content\/uploads\/1647785020461-768x1412.jpg 768w, https:\/\/heimatmuseum-windeck.de\/wp\/wp-content\/uploads\/1647785020461-835x1536.jpg 835w, https:\/\/heimatmuseum-windeck.de\/wp\/wp-content\/uploads\/1647785020461-1114x2048.jpg 1114w, https:\/\/heimatmuseum-windeck.de\/wp\/wp-content\/uploads\/1647785020461-scaled.jpg 1392w\" sizes=\"(max-width: 163px) 100vw, 163px\" \/><\/a><a href=\"https:\/\/heimatmuseum-windeck.de\/wp\/wp-content\/uploads\/IMG_20210929_090927-scaled.jpg\" data-rel=\"lightbox-image-5\" data-rl_title=\"Aufbau des neuen Glockenturmes nach Modell\" data-rl_caption=\"Aufbau des neuen Glockenturmes nach Modell\" title=\"Aufbau des neuen Glockenturmes nach Modell\"><img loading=\"lazy\" decoding=\"async\" class=\"alignright wp-image-664 size-medium\" src=\"https:\/\/heimatmuseum-windeck.de\/wp\/wp-content\/uploads\/IMG_20210929_090927-139x300.jpg\" alt=\"\" width=\"139\" height=\"300\" srcset=\"https:\/\/heimatmuseum-windeck.de\/wp\/wp-content\/uploads\/IMG_20210929_090927-139x300.jpg 139w, https:\/\/heimatmuseum-windeck.de\/wp\/wp-content\/uploads\/IMG_20210929_090927-473x1024.jpg 473w, https:\/\/heimatmuseum-windeck.de\/wp\/wp-content\/uploads\/IMG_20210929_090927-768x1663.jpg 768w, https:\/\/heimatmuseum-windeck.de\/wp\/wp-content\/uploads\/IMG_20210929_090927-710x1536.jpg 710w, https:\/\/heimatmuseum-windeck.de\/wp\/wp-content\/uploads\/IMG_20210929_090927-946x2048.jpg 946w, https:\/\/heimatmuseum-windeck.de\/wp\/wp-content\/uploads\/IMG_20210929_090927-scaled.jpg 1183w\" sizes=\"(max-width: 139px) 100vw, 139px\" \/><\/a>Der alte <a href=\"https:\/\/heimatmuseum-windeck.de\/wp\/wp-content\/uploads\/IMG-20211001-WA0002.jpg\" data-rel=\"lightbox-image-6\" data-rl_title=\"morsches Glockengestell_2\" data-rl_caption=\"morsches Glockengestell_2\" title=\"morsches Glockengestell_2\"><img loading=\"lazy\" decoding=\"async\" class=\"alignleft wp-image-661\" src=\"https:\/\/heimatmuseum-windeck.de\/wp\/wp-content\/uploads\/IMG-20211001-WA0002-225x300.jpg\" alt=\"\" width=\"195\" height=\"260\" srcset=\"https:\/\/heimatmuseum-windeck.de\/wp\/wp-content\/uploads\/IMG-20211001-WA0002-225x300.jpg 225w, https:\/\/heimatmuseum-windeck.de\/wp\/wp-content\/uploads\/IMG-20211001-WA0002-768x1024.jpg 768w, https:\/\/heimatmuseum-windeck.de\/wp\/wp-content\/uploads\/IMG-20211001-WA0002-1152x1536.jpg 1152w, https:\/\/heimatmuseum-windeck.de\/wp\/wp-content\/uploads\/IMG-20211001-WA0002.jpg 1200w\" sizes=\"(max-width: 195px) 100vw, 195px\" \/><\/a><strong>Glockenturm<\/strong> mit den kleinen &#8222;Beier&#8220;- Glocken (eine Erkl\u00e4rung finden Sie <a href=\"https:\/\/de.wikipedia.org\/wiki\/Beiern_(Brauch)\"><span style=\"text-decoration: underline;\"><em><strong>hier<\/strong><\/em><\/span><\/a>) war in die Jahre gekommen und drohte umzust\u00fcrzen.Daher beschloss der Vorstand, einen neuen Turm zu bauen. Nachdem unser Mitarbeiter Peter Simon ein Modell angefertigt hatte, wurden die notwendigen Materialien zusammengesucht. Um ein erneutes Durchfaulen der St\u00e4nderbalken zu verhindern, wurden diese mit Balkenschuhen in ein Betonfundament gelegt. Das Ergebnis der vielen Arbeitsstunden von Peter Simon und Willy Hinz kann sich nach Meinung der bisherigen &#8222;Be-Gutachter&#8220; sehen lassen.<\/p>\t\t\t\t\t\t\t\t<\/div>\n\t\t\t\t<\/div>\n\t\t\t\t<div class=\"elementor-element elementor-element-51b2a83 elementor-widget elementor-widget-spacer\" data-id=\"51b2a83\" data-element_type=\"widget\" data-e-type=\"widget\" data-widget_type=\"spacer.default\">\n\t\t\t\t<div class=\"elementor-widget-container\">\n\t\t\t\t\t\t\t<div class=\"elementor-spacer\">\n\t\t\t<div class=\"elementor-spacer-inner\"><\/div>\n\t\t<\/div>\n\t\t\t\t\t\t<\/div>\n\t\t\t\t<\/div>\n\t\t\t\t<div class=\"elementor-element elementor-element-1830e46 elementor-align-right elementor-widget elementor-widget-button\" data-id=\"1830e46\" data-element_type=\"widget\" data-e-type=\"widget\" data-widget_type=\"button.default\">\n\t\t\t\t<div class=\"elementor-widget-container\">\n\t\t\t\t\t\t\t\t\t<div class=\"elementor-button-wrapper\">\n\t\t\t\t\t<a class=\"elementor-button elementor-button-link elementor-size-sm elementor-animation-grow\" href=\"https:\/\/heimatmuseum-windeck.de\/wp\/das-museum\/\">\n\t\t\t\t\t\t<span class=\"elementor-button-content-wrapper\">\n\t\t\t\t\t\t\t\t\t<span class=\"elementor-button-text\">Zur\u00fcck zum Museum<\/span>\n\t\t\t\t\t<\/span>\n\t\t\t\t\t<\/a>\n\t\t\t\t<\/div>\n\t\t\t\t\t\t\t\t<\/div>\n\t\t\t\t<\/div>\n\t\t\t\t\t<\/div>\n\t\t<\/div>\n\t\t\t\t\t<\/div>\n\t\t<\/section>\n\t\t\t\t<\/div>\n\t\t","protected":false},"excerpt":{"rendered":"<p>Fachwerkscheune Gutm\u00fchle mit S\u00e4gewerk Der F\u00f6rderverein des Heimatmuseums erg\u00e4nzte sein Museumsdorf 2008 um eine alte Fachwerkscheune aus Gutm\u00fchle. In dieses Geb\u00e4ude aus dem Jahre 1850 wurde ein historisches S\u00e4gewerk aus Much-Marienfeld eingestellt. Diese Anlage aus dem Jahre 1934 l\u00e4sst nicht nur die Besucher am Burgmarkt staunen, sondern wird auch noch f\u00fcr museumseigene S\u00e4gearbeiten genutzt. Sehen [&hellip;]<\/p>\n","protected":false},"author":1,"featured_media":0,"parent":0,"menu_order":0,"comment_status":"closed","ping_status":"closed","template":"","meta":{"ocean_post_layout":"full-screen","ocean_both_sidebars_style":"","ocean_both_sidebars_content_width":0,"ocean_both_sidebars_sidebars_width":0,"ocean_sidebar":"0","ocean_second_sidebar":"0","ocean_disable_margins":"enable","ocean_add_body_class":"","ocean_shortcode_before_top_bar":"","ocean_shortcode_after_top_bar":"","ocean_shortcode_before_header":"","ocean_shortcode_after_header":"","ocean_has_shortcode":"","ocean_shortcode_after_title":"","ocean_shortcode_before_footer_widgets":"","ocean_shortcode_after_footer_widgets":"","ocean_shortcode_before_footer_bottom":"","ocean_shortcode_after_footer_bottom":"","ocean_display_top_bar":"off","ocean_display_header":"on","ocean_header_style":"","ocean_center_header_left_menu":"0","ocean_custom_header_template":"0","ocean_custom_logo":0,"ocean_custom_retina_logo":0,"ocean_custom_logo_max_width":0,"ocean_custom_logo_tablet_max_width":0,"ocean_custom_logo_mobile_max_width":0,"ocean_custom_logo_max_height":0,"ocean_custom_logo_tablet_max_height":0,"ocean_custom_logo_mobile_max_height":0,"ocean_header_custom_menu":"0","ocean_menu_typo_font_family":"0","ocean_menu_typo_font_subset":"","ocean_menu_typo_font_size":0,"ocean_menu_typo_font_size_tablet":0,"ocean_menu_typo_font_size_mobile":0,"ocean_menu_typo_font_size_unit":"px","ocean_menu_typo_font_weight":"","ocean_menu_typo_font_weight_tablet":"","ocean_menu_typo_font_weight_mobile":"","ocean_menu_typo_transform":"","ocean_menu_typo_transform_tablet":"","ocean_menu_typo_transform_mobile":"","ocean_menu_typo_line_height":0,"ocean_menu_typo_line_height_tablet":0,"ocean_menu_typo_line_height_mobile":0,"ocean_menu_typo_line_height_unit":"","ocean_menu_typo_spacing":0,"ocean_menu_typo_spacing_tablet":0,"ocean_menu_typo_spacing_mobile":0,"ocean_menu_typo_spacing_unit":"","ocean_menu_link_color":"","ocean_menu_link_color_hover":"","ocean_menu_link_color_active":"","ocean_menu_link_background":"","ocean_menu_link_hover_background":"","ocean_menu_link_active_background":"","ocean_menu_social_links_bg":"","ocean_menu_social_hover_links_bg":"","ocean_menu_social_links_color":"","ocean_menu_social_hover_links_color":"","ocean_disable_title":"enable","ocean_disable_heading":"enable","ocean_post_title":"","ocean_post_subheading":"","ocean_post_title_style":"","ocean_post_title_background_color":"","ocean_post_title_background":0,"ocean_post_title_bg_image_position":"","ocean_post_title_bg_image_attachment":"","ocean_post_title_bg_image_repeat":"","ocean_post_title_bg_image_size":"","ocean_post_title_height":0,"ocean_post_title_bg_overlay":0.5,"ocean_post_title_bg_overlay_color":"","ocean_disable_breadcrumbs":"default","ocean_breadcrumbs_color":"","ocean_breadcrumbs_separator_color":"","ocean_breadcrumbs_links_color":"","ocean_breadcrumbs_links_hover_color":"","ocean_display_footer_widgets":"default","ocean_display_footer_bottom":"default","ocean_custom_footer_template":"0","footnotes":""},"class_list":["post-506","page","type-page","status-publish","hentry","entry"],"_links":{"self":[{"href":"https:\/\/heimatmuseum-windeck.de\/index.php?rest_route=\/wp\/v2\/pages\/506","targetHints":{"allow":["GET"]}}],"collection":[{"href":"https:\/\/heimatmuseum-windeck.de\/index.php?rest_route=\/wp\/v2\/pages"}],"about":[{"href":"https:\/\/heimatmuseum-windeck.de\/index.php?rest_route=\/wp\/v2\/types\/page"}],"author":[{"embeddable":true,"href":"https:\/\/heimatmuseum-windeck.de\/index.php?rest_route=\/wp\/v2\/users\/1"}],"replies":[{"embeddable":true,"href":"https:\/\/heimatmuseum-windeck.de\/index.php?rest_route=%2Fwp%2Fv2%2Fcomments&post=506"}],"version-history":[{"count":10,"href":"https:\/\/heimatmuseum-windeck.de\/index.php?rest_route=\/wp\/v2\/pages\/506\/revisions"}],"predecessor-version":[{"id":928,"href":"https:\/\/heimatmuseum-windeck.de\/index.php?rest_route=\/wp\/v2\/pages\/506\/revisions\/928"}],"wp:attachment":[{"href":"https:\/\/heimatmuseum-windeck.de\/index.php?rest_route=%2Fwp%2Fv2%2Fmedia&parent=506"}],"curies":[{"name":"wp","href":"https:\/\/api.w.org\/{rel}","templated":true}]}}