{"id":504,"date":"2022-03-18T15:20:07","date_gmt":"2022-03-18T14:20:07","guid":{"rendered":"https:\/\/heimatmuseum-windeck.de\/wp\/?page_id=504"},"modified":"2025-11-01T17:56:47","modified_gmt":"2025-11-01T16:56:47","slug":"die-scheunen-und-muehlen","status":"publish","type":"page","link":"https:\/\/heimatmuseum-windeck.de\/?page_id=504","title":{"rendered":"Die Scheunen und M\u00fchlen"},"content":{"rendered":"\t\t<div data-elementor-type=\"wp-page\" data-elementor-id=\"504\" class=\"elementor elementor-504\">\n\t\t\t\t\t\t<section class=\"elementor-section elementor-top-section elementor-element elementor-element-0a21b1c elementor-section-boxed elementor-section-height-default elementor-section-height-default\" data-id=\"0a21b1c\" data-element_type=\"section\" data-e-type=\"section\">\n\t\t\t\t\t\t<div class=\"elementor-container elementor-column-gap-default\">\n\t\t\t\t\t<div class=\"elementor-column elementor-col-100 elementor-top-column elementor-element elementor-element-14a9a7d\" data-id=\"14a9a7d\" data-element_type=\"column\" data-e-type=\"column\">\n\t\t\t<div class=\"elementor-widget-wrap elementor-element-populated\">\n\t\t\t\t\t\t<div class=\"elementor-element elementor-element-02fae16 elementor-widget elementor-widget-heading\" data-id=\"02fae16\" data-element_type=\"widget\" data-e-type=\"widget\" data-widget_type=\"heading.default\">\n\t\t\t\t<div class=\"elementor-widget-container\">\n\t\t\t\t\t<h2 class=\"elementor-heading-title elementor-size-medium\">Die alte Scheune<\/h2>\t\t\t\t<\/div>\n\t\t\t\t<\/div>\n\t\t\t\t<div class=\"elementor-element elementor-element-cc241e8 elementor-widget elementor-widget-text-editor\" data-id=\"cc241e8\" data-element_type=\"widget\" data-e-type=\"widget\" data-widget_type=\"text-editor.default\">\n\t\t\t\t<div class=\"elementor-widget-container\">\n\t\t\t\t\t\t\t\t\t<p data-wp-editing=\"1\"><a href=\"https:\/\/heimatmuseum-windeck.de\/wp\/wp-content\/uploads\/1616184930375-1-scaled.jpg\" data-rel=\"lightbox-image-0\" data-rl_title=\"Die alte Scheune\" data-rl_caption=\"Die alte Scheune\" title=\"Die alte Scheune\"><img fetchpriority=\"high\" decoding=\"async\" class=\"alignleft wp-image-686\" src=\"https:\/\/heimatmuseum-windeck.de\/wp\/wp-content\/uploads\/1616184930375-1-139x300.jpg\" alt=\"\" width=\"170\" height=\"367\" srcset=\"https:\/\/heimatmuseum-windeck.de\/wp\/wp-content\/uploads\/1616184930375-1-139x300.jpg 139w, https:\/\/heimatmuseum-windeck.de\/wp\/wp-content\/uploads\/1616184930375-1-473x1024.jpg 473w, https:\/\/heimatmuseum-windeck.de\/wp\/wp-content\/uploads\/1616184930375-1-768x1663.jpg 768w, https:\/\/heimatmuseum-windeck.de\/wp\/wp-content\/uploads\/1616184930375-1-710x1536.jpg 710w, https:\/\/heimatmuseum-windeck.de\/wp\/wp-content\/uploads\/1616184930375-1-946x2048.jpg 946w, https:\/\/heimatmuseum-windeck.de\/wp\/wp-content\/uploads\/1616184930375-1-scaled.jpg 1183w\" sizes=\"(max-width: 170px) 100vw, 170px\" \/><\/a><\/p><p>In einem Teil der alten Fachwerkscheune aus R\u00f6cklingen ist eine <strong>Schreinerei<\/strong> eingerichtet. Die alten, aber noch funktionst\u00fcch-tigen Maschinen werden von einem Elektromotor \u00fcber eine Transmission angetrieben. Es w\u00e4re aber auch m\u00f6glich, sie \u00fcber einen in Deutschland einzigartigen Au\u00dfeng\u00f6pel mit Esel- oder Pferdekraft anzutreiben.<\/p><p style=\"text-align: left;\"><a href=\"https:\/\/heimatmuseum-windeck.de\/wp\/wp-content\/uploads\/1647785020513-scaled.jpg\" data-rel=\"lightbox-image-1\" data-rl_title=\"Beichtstuhl\" data-rl_caption=\"Beichtstuhl\" title=\"Beichtstuhl\"><img decoding=\"async\" class=\"alignright wp-image-715 size-medium\" src=\"https:\/\/heimatmuseum-windeck.de\/wp\/wp-content\/uploads\/1647785020513-138x300.jpg\" alt=\"\" width=\"138\" height=\"300\" srcset=\"https:\/\/heimatmuseum-windeck.de\/wp\/wp-content\/uploads\/1647785020513-138x300.jpg 138w, https:\/\/heimatmuseum-windeck.de\/wp\/wp-content\/uploads\/1647785020513-472x1024.jpg 472w, https:\/\/heimatmuseum-windeck.de\/wp\/wp-content\/uploads\/1647785020513-768x1667.jpg 768w, https:\/\/heimatmuseum-windeck.de\/wp\/wp-content\/uploads\/1647785020513-708x1536.jpg 708w, https:\/\/heimatmuseum-windeck.de\/wp\/wp-content\/uploads\/1647785020513-944x2048.jpg 944w, https:\/\/heimatmuseum-windeck.de\/wp\/wp-content\/uploads\/1647785020513-scaled.jpg 1180w\" sizes=\"(max-width: 138px) 100vw, 138px\" \/><\/a>Im Ende 2011 neu eingerichteten Mittelteil der Scheune steht ein alter Beichtstuhl. In dem ebenfalls 2011 neu gebauten rechten Teil wurde eine <strong>Weberei<\/strong> eingerichtet. Viele Spinnr\u00e4der, Ger\u00e4te zur Flachsbearbeitung und ein alter, aber funktionsf\u00e4higer Webstuhl veranschaulichen die Tuchherstellung in fr\u00fcherer Zeit.<\/p><p style=\"text-align: left;\"><a href=\"https:\/\/heimatmuseum-windeck.de\/wp\/wp-content\/uploads\/1647785020498-scaled.jpg\" data-rel=\"lightbox-image-2\" data-rl_title=\"alter Webstuhl\" data-rl_caption=\"alter Webstuhl\" title=\"alter Webstuhl\"><img decoding=\"async\" class=\"alignleft wp-image-717 size-medium\" src=\"https:\/\/heimatmuseum-windeck.de\/wp\/wp-content\/uploads\/1647785020498-138x300.jpg\" alt=\"\" width=\"138\" height=\"300\" srcset=\"https:\/\/heimatmuseum-windeck.de\/wp\/wp-content\/uploads\/1647785020498-138x300.jpg 138w, https:\/\/heimatmuseum-windeck.de\/wp\/wp-content\/uploads\/1647785020498-472x1024.jpg 472w, https:\/\/heimatmuseum-windeck.de\/wp\/wp-content\/uploads\/1647785020498-768x1667.jpg 768w, https:\/\/heimatmuseum-windeck.de\/wp\/wp-content\/uploads\/1647785020498-708x1536.jpg 708w, https:\/\/heimatmuseum-windeck.de\/wp\/wp-content\/uploads\/1647785020498-944x2048.jpg 944w, https:\/\/heimatmuseum-windeck.de\/wp\/wp-content\/uploads\/1647785020498-scaled.jpg 1180w\" sizes=\"(max-width: 138px) 100vw, 138px\" \/><\/a><\/p><p>Der untere Anbau der Scheune beherbergt in einem Vorraum alte Utensilien der \u00f6rtlichen Feuerwehr. Auch gro\u00dfe Ausstellungst\u00fccke wie ein Hochrad und ein Leichenwagen, der von Pferden gezogen wurde, finden hier ihren Platz.<\/p><p>Ein Highlight bildet die seit 2012 in drei Nebenr\u00e4umen eingerichtete <strong>50er-Jahre-Ausstellung<\/strong> mit einzigartigen Ausstellungst\u00fccken. Von Original-Plattencovern \u00fcber Haushalts- und Unterhaltungsger\u00e4te oder Originalm\u00f6bel bis zu entsprechenden Tapeten und Bodenbel\u00e4gen gibt diese Ausstellung\u00a0 einen Eindruck von der Zeit des sogenannten Wirtschaftswunders.<\/p>\t\t\t\t\t\t\t\t<\/div>\n\t\t\t\t<\/div>\n\t\t\t\t<div class=\"elementor-element elementor-element-28f92ba elementor-widget elementor-widget-heading\" data-id=\"28f92ba\" data-element_type=\"widget\" data-e-type=\"widget\" data-widget_type=\"heading.default\">\n\t\t\t\t<div class=\"elementor-widget-container\">\n\t\t\t\t\t<h2 class=\"elementor-heading-title elementor-size-medium\">Die G\u00f6pelm\u00fchle<\/h2>\t\t\t\t<\/div>\n\t\t\t\t<\/div>\n\t\t\t\t<div class=\"elementor-element elementor-element-a41130d elementor-widget elementor-widget-heading\" data-id=\"a41130d\" data-element_type=\"widget\" data-e-type=\"widget\" data-widget_type=\"heading.default\">\n\t\t\t\t<div class=\"elementor-widget-container\">\n\t\t\t\t\t<h2 class=\"elementor-heading-title elementor-size-medium\">Die Wasserm\u00fchle<\/h2>\t\t\t\t<\/div>\n\t\t\t\t<\/div>\n\t\t\t\t<div class=\"elementor-element elementor-element-8f2733f elementor-widget elementor-widget-text-editor\" data-id=\"8f2733f\" data-element_type=\"widget\" data-e-type=\"widget\" data-widget_type=\"text-editor.default\">\n\t\t\t\t<div class=\"elementor-widget-container\">\n\t\t\t\t\t\t\t\t\t<p><a href=\"https:\/\/heimatmuseum-windeck.de\/wp\/wp-content\/uploads\/1647785020529.jpg\" data-rel=\"lightbox-image-3\" data-rl_title=\"Die G\u00f6pelm\u00fchle\" data-rl_caption=\"Die G\u00f6pelm\u00fchle\" title=\"Die G\u00f6pelm\u00fchle\"><img loading=\"lazy\" decoding=\"async\" class=\"alignleft wp-image-827\" src=\"https:\/\/heimatmuseum-windeck.de\/wp\/wp-content\/uploads\/1647785020529-298x300.jpg\" alt=\"\" width=\"199\" height=\"201\" srcset=\"https:\/\/heimatmuseum-windeck.de\/wp\/wp-content\/uploads\/1647785020529-298x300.jpg 298w, https:\/\/heimatmuseum-windeck.de\/wp\/wp-content\/uploads\/1647785020529-1019x1024.jpg 1019w, https:\/\/heimatmuseum-windeck.de\/wp\/wp-content\/uploads\/1647785020529-768x772.jpg 768w, https:\/\/heimatmuseum-windeck.de\/wp\/wp-content\/uploads\/1647785020529.jpg 1504w\" sizes=\"(max-width: 199px) 100vw, 199px\" \/><\/a><\/p><p style=\"text-align: left;\">In die hier wieder aufgebaute Scheune aus Seifen wurde eine rekonstruierte G\u00f6pelm\u00fchle eingebaut. Eine solche M\u00fchle wird \u00fcber ein gro\u00dfes Rad durch Tierkraft (meist Esel oder Pferde) angetrieben.<\/p><p style=\"text-align: left;\">\u00dcber eine Trepp<a href=\"https:\/\/heimatmuseum-windeck.de\/wp\/wp-content\/uploads\/1647785020471-scaled.jpg\" data-rel=\"lightbox-image-4\" data-rl_title=\"Mahlwerk\" data-rl_caption=\"Mahlwerk\" title=\"Mahlwerk\"><img loading=\"lazy\" decoding=\"async\" class=\"alignright wp-image-726\" src=\"https:\/\/heimatmuseum-windeck.de\/wp\/wp-content\/uploads\/1647785020471-138x300.jpg\" alt=\"\" width=\"131\" height=\"285\" srcset=\"https:\/\/heimatmuseum-windeck.de\/wp\/wp-content\/uploads\/1647785020471-138x300.jpg 138w, https:\/\/heimatmuseum-windeck.de\/wp\/wp-content\/uploads\/1647785020471-472x1024.jpg 472w, https:\/\/heimatmuseum-windeck.de\/wp\/wp-content\/uploads\/1647785020471-768x1667.jpg 768w, https:\/\/heimatmuseum-windeck.de\/wp\/wp-content\/uploads\/1647785020471-708x1536.jpg 708w, https:\/\/heimatmuseum-windeck.de\/wp\/wp-content\/uploads\/1647785020471-944x2048.jpg 944w, https:\/\/heimatmuseum-windeck.de\/wp\/wp-content\/uploads\/1647785020471-scaled.jpg 1180w\" sizes=\"(max-width: 131px) 100vw, 131px\" \/><\/a>e gelangt man zu dem Aufbau mit den M\u00fchlsteinen und dem Einf\u00fclltrichter, in den das Korn gesch\u00fcttet wurde. Von hier kann der Besucher den Weg des Mehls vom Mahlwerk \u00fcber Fallr\u00f6hren und ein Sch\u00fcttelrost bis in die S\u00e4cke verfolgen.<\/p><h5>Leider steht die M\u00fchle derzeit still, da das Balkenger\u00fcst abgesackt ist und wieder neu positioniert werden muss. Sehen Sie <a href=\"https:\/\/www.youtube.com\/watch?v=6Ek7YOvEdH0&amp;list=UUsNS9eFwkznQmG7vPMWDiOQ&amp;index=11\" target=\"_blank\" rel=\"noopener\"><span style=\"text-decoration: underline;\"><em><strong>hier<\/strong><\/em><\/span><\/a> die M\u00fchle auf dem Handwerkermarkt in Betrieb.<\/h5>\t\t\t\t\t\t\t\t<\/div>\n\t\t\t\t<\/div>\n\t\t\t\t<div class=\"elementor-element elementor-element-c9f3754 elementor-widget elementor-widget-text-editor\" data-id=\"c9f3754\" data-element_type=\"widget\" data-e-type=\"widget\" data-widget_type=\"text-editor.default\">\n\t\t\t\t<div class=\"elementor-widget-container\">\n\t\t\t\t\t\t\t\t\t<p><a href=\"https:\/\/heimatmuseum-windeck.de\/wp\/wp-content\/uploads\/1647785020440-scaled.jpg\" data-rel=\"lightbox-image-5\" data-rl_title=\"Wasserm\u00fchle\" data-rl_caption=\"Wasserm\u00fchle\" title=\"Wasserm\u00fchle\"><img loading=\"lazy\" decoding=\"async\" class=\"aligncenter wp-image-727 size-medium\" src=\"https:\/\/heimatmuseum-windeck.de\/wp\/wp-content\/uploads\/1647785020440-300x138.jpg\" alt=\"\" width=\"300\" height=\"138\" srcset=\"https:\/\/heimatmuseum-windeck.de\/wp\/wp-content\/uploads\/1647785020440-300x138.jpg 300w, https:\/\/heimatmuseum-windeck.de\/wp\/wp-content\/uploads\/1647785020440-1024x472.jpg 1024w, https:\/\/heimatmuseum-windeck.de\/wp\/wp-content\/uploads\/1647785020440-768x354.jpg 768w, https:\/\/heimatmuseum-windeck.de\/wp\/wp-content\/uploads\/1647785020440-1536x708.jpg 1536w, https:\/\/heimatmuseum-windeck.de\/wp\/wp-content\/uploads\/1647785020440-2048x944.jpg 2048w\" sizes=\"(max-width: 300px) 100vw, 300px\" \/><\/a>Seit Herbst 2003 dreht sich an einer alten Scheune unweit des Museumsareals ein Wasserm\u00fchlenrad. Unter Verwendung alter Teile aus der historischen Wasserm\u00fchle im Irsertal bei Leuscheid wurde sozusagen eine alte Situation wiederhergestellt, denn wahrscheinlich stand in dieser Flur fr\u00fcher schon einmal eine M\u00fchle wie an zahlreichen B\u00e4chen in unserer Heimat.<\/p><h6>Leider dreht sich das vom Altwindecker Bach angetriebene M\u00fchlrad zur Zeit wegen eines Schadens am Achslager nicht. Wir denken\u00a0 aber, dies bald beheben zu k\u00f6nnen, wozu wir auf die finanzielle Unterst\u00fctzung unserer Sponsoren hoffen.<\/h6>\t\t\t\t\t\t\t\t<\/div>\n\t\t\t\t<\/div>\n\t\t\t\t<section class=\"elementor-section elementor-inner-section elementor-element elementor-element-c9102d5 elementor-section-boxed elementor-section-height-default elementor-section-height-default\" data-id=\"c9102d5\" data-element_type=\"section\" data-e-type=\"section\">\n\t\t\t\t\t\t<div class=\"elementor-container elementor-column-gap-default\">\n\t\t\t\t\t<div class=\"elementor-column elementor-col-50 elementor-inner-column elementor-element elementor-element-ddabf70\" data-id=\"ddabf70\" data-element_type=\"column\" data-e-type=\"column\">\n\t\t\t<div class=\"elementor-widget-wrap elementor-element-populated\">\n\t\t\t\t\t\t<div class=\"elementor-element elementor-element-b4dbf96 elementor-align-left elementor-widget elementor-widget-button\" data-id=\"b4dbf96\" data-element_type=\"widget\" data-e-type=\"widget\" data-widget_type=\"button.default\">\n\t\t\t\t<div class=\"elementor-widget-container\">\n\t\t\t\t\t\t\t\t\t<div class=\"elementor-button-wrapper\">\n\t\t\t\t\t<a class=\"elementor-button elementor-button-link elementor-size-md elementor-animation-grow\" href=\"https:\/\/heimatmuseum-windeck.de\/?page_id=506\">\n\t\t\t\t\t\t<span class=\"elementor-button-content-wrapper\">\n\t\t\t\t\t\t\t\t\t<span class=\"elementor-button-text\">Zu den neuen Bauten und Projekten<\/span>\n\t\t\t\t\t<\/span>\n\t\t\t\t\t<\/a>\n\t\t\t\t<\/div>\n\t\t\t\t\t\t\t\t<\/div>\n\t\t\t\t<\/div>\n\t\t\t\t\t<\/div>\n\t\t<\/div>\n\t\t\t\t<div class=\"elementor-column elementor-col-50 elementor-inner-column elementor-element elementor-element-b29bd51\" data-id=\"b29bd51\" data-element_type=\"column\" data-e-type=\"column\">\n\t\t\t<div class=\"elementor-widget-wrap elementor-element-populated\">\n\t\t\t\t\t\t<div class=\"elementor-element elementor-element-f494c98 elementor-align-right elementor-widget elementor-widget-button\" data-id=\"f494c98\" data-element_type=\"widget\" data-e-type=\"widget\" data-widget_type=\"button.default\">\n\t\t\t\t<div class=\"elementor-widget-container\">\n\t\t\t\t\t\t\t\t\t<div class=\"elementor-button-wrapper\">\n\t\t\t\t\t<a class=\"elementor-button elementor-button-link elementor-size-md elementor-animation-grow\" href=\"https:\/\/heimatmuseum-windeck.de\/wp\/das-museum\/\">\n\t\t\t\t\t\t<span class=\"elementor-button-content-wrapper\">\n\t\t\t\t\t\t\t\t\t<span class=\"elementor-button-text\">Zur\u00fcck zum Museum<\/span>\n\t\t\t\t\t<\/span>\n\t\t\t\t\t<\/a>\n\t\t\t\t<\/div>\n\t\t\t\t\t\t\t\t<\/div>\n\t\t\t\t<\/div>\n\t\t\t\t\t<\/div>\n\t\t<\/div>\n\t\t\t\t\t<\/div>\n\t\t<\/section>\n\t\t\t\t\t<\/div>\n\t\t<\/div>\n\t\t\t\t\t<\/div>\n\t\t<\/section>\n\t\t\t\t<\/div>\n\t\t","protected":false},"excerpt":{"rendered":"<p>Die alte Scheune In einem Teil der alten Fachwerkscheune aus R\u00f6cklingen ist eine Schreinerei eingerichtet. Die alten, aber noch funktionst\u00fcch-tigen Maschinen werden von einem Elektromotor \u00fcber eine Transmission angetrieben. Es w\u00e4re aber auch m\u00f6glich, sie \u00fcber einen in Deutschland einzigartigen Au\u00dfeng\u00f6pel mit Esel- oder Pferdekraft anzutreiben. Im Ende 2011 neu eingerichteten Mittelteil der Scheune steht [&hellip;]<\/p>\n","protected":false},"author":1,"featured_media":0,"parent":0,"menu_order":0,"comment_status":"closed","ping_status":"closed","template":"","meta":{"ocean_post_layout":"full-screen","ocean_both_sidebars_style":"","ocean_both_sidebars_content_width":0,"ocean_both_sidebars_sidebars_width":0,"ocean_sidebar":"0","ocean_second_sidebar":"0","ocean_disable_margins":"enable","ocean_add_body_class":"","ocean_shortcode_before_top_bar":"","ocean_shortcode_after_top_bar":"","ocean_shortcode_before_header":"","ocean_shortcode_after_header":"","ocean_has_shortcode":"","ocean_shortcode_after_title":"","ocean_shortcode_before_footer_widgets":"","ocean_shortcode_after_footer_widgets":"","ocean_shortcode_before_footer_bottom":"","ocean_shortcode_after_footer_bottom":"","ocean_display_top_bar":"off","ocean_display_header":"on","ocean_header_style":"","ocean_center_header_left_menu":"0","ocean_custom_header_template":"0","ocean_custom_logo":0,"ocean_custom_retina_logo":0,"ocean_custom_logo_max_width":0,"ocean_custom_logo_tablet_max_width":0,"ocean_custom_logo_mobile_max_width":0,"ocean_custom_logo_max_height":0,"ocean_custom_logo_tablet_max_height":0,"ocean_custom_logo_mobile_max_height":0,"ocean_header_custom_menu":"0","ocean_menu_typo_font_family":"0","ocean_menu_typo_font_subset":"","ocean_menu_typo_font_size":0,"ocean_menu_typo_font_size_tablet":0,"ocean_menu_typo_font_size_mobile":0,"ocean_menu_typo_font_size_unit":"px","ocean_menu_typo_font_weight":"","ocean_menu_typo_font_weight_tablet":"","ocean_menu_typo_font_weight_mobile":"","ocean_menu_typo_transform":"","ocean_menu_typo_transform_tablet":"","ocean_menu_typo_transform_mobile":"","ocean_menu_typo_line_height":0,"ocean_menu_typo_line_height_tablet":0,"ocean_menu_typo_line_height_mobile":0,"ocean_menu_typo_line_height_unit":"","ocean_menu_typo_spacing":0,"ocean_menu_typo_spacing_tablet":0,"ocean_menu_typo_spacing_mobile":0,"ocean_menu_typo_spacing_unit":"","ocean_menu_link_color":"","ocean_menu_link_color_hover":"","ocean_menu_link_color_active":"","ocean_menu_link_background":"","ocean_menu_link_hover_background":"","ocean_menu_link_active_background":"","ocean_menu_social_links_bg":"","ocean_menu_social_hover_links_bg":"","ocean_menu_social_links_color":"","ocean_menu_social_hover_links_color":"","ocean_disable_title":"enable","ocean_disable_heading":"enable","ocean_post_title":"","ocean_post_subheading":"","ocean_post_title_style":"","ocean_post_title_background_color":"","ocean_post_title_background":0,"ocean_post_title_bg_image_position":"","ocean_post_title_bg_image_attachment":"","ocean_post_title_bg_image_repeat":"","ocean_post_title_bg_image_size":"","ocean_post_title_height":0,"ocean_post_title_bg_overlay":0.5,"ocean_post_title_bg_overlay_color":"","ocean_disable_breadcrumbs":"default","ocean_breadcrumbs_color":"","ocean_breadcrumbs_separator_color":"","ocean_breadcrumbs_links_color":"","ocean_breadcrumbs_links_hover_color":"","ocean_display_footer_widgets":"default","ocean_display_footer_bottom":"default","ocean_custom_footer_template":"0","footnotes":""},"class_list":["post-504","page","type-page","status-publish","hentry","entry"],"_links":{"self":[{"href":"https:\/\/heimatmuseum-windeck.de\/index.php?rest_route=\/wp\/v2\/pages\/504","targetHints":{"allow":["GET"]}}],"collection":[{"href":"https:\/\/heimatmuseum-windeck.de\/index.php?rest_route=\/wp\/v2\/pages"}],"about":[{"href":"https:\/\/heimatmuseum-windeck.de\/index.php?rest_route=\/wp\/v2\/types\/page"}],"author":[{"embeddable":true,"href":"https:\/\/heimatmuseum-windeck.de\/index.php?rest_route=\/wp\/v2\/users\/1"}],"replies":[{"embeddable":true,"href":"https:\/\/heimatmuseum-windeck.de\/index.php?rest_route=%2Fwp%2Fv2%2Fcomments&post=504"}],"version-history":[{"count":10,"href":"https:\/\/heimatmuseum-windeck.de\/index.php?rest_route=\/wp\/v2\/pages\/504\/revisions"}],"predecessor-version":[{"id":2426,"href":"https:\/\/heimatmuseum-windeck.de\/index.php?rest_route=\/wp\/v2\/pages\/504\/revisions\/2426"}],"wp:attachment":[{"href":"https:\/\/heimatmuseum-windeck.de\/index.php?rest_route=%2Fwp%2Fv2%2Fmedia&parent=504"}],"curies":[{"name":"wp","href":"https:\/\/api.w.org\/{rel}","templated":true}]}}