{"id":502,"date":"2022-03-18T15:19:40","date_gmt":"2022-03-18T14:19:40","guid":{"rendered":"https:\/\/heimatmuseum-windeck.de\/wp\/?page_id=502"},"modified":"2025-11-01T17:55:09","modified_gmt":"2025-11-01T16:55:09","slug":"die-fachwerkhaeuser-und-der-museumsgarten","status":"publish","type":"page","link":"https:\/\/heimatmuseum-windeck.de\/?page_id=502","title":{"rendered":"Die Fachwerkh\u00e4user und der Museumsgarten"},"content":{"rendered":"\t\t<div data-elementor-type=\"wp-page\" data-elementor-id=\"502\" class=\"elementor elementor-502\">\n\t\t\t\t\t\t<section class=\"elementor-section elementor-top-section elementor-element elementor-element-7b7cd7a elementor-section-boxed elementor-section-height-default elementor-section-height-default\" data-id=\"7b7cd7a\" data-element_type=\"section\" data-e-type=\"section\">\n\t\t\t\t\t\t<div class=\"elementor-container elementor-column-gap-default\">\n\t\t\t\t\t<div class=\"elementor-column elementor-col-100 elementor-top-column elementor-element elementor-element-7dd6b69\" data-id=\"7dd6b69\" data-element_type=\"column\" data-e-type=\"column\">\n\t\t\t<div class=\"elementor-widget-wrap elementor-element-populated\">\n\t\t\t\t\t\t<div class=\"elementor-element elementor-element-ab59734 elementor-widget elementor-widget-text-editor\" data-id=\"ab59734\" data-element_type=\"widget\" data-e-type=\"widget\" data-widget_type=\"text-editor.default\">\n\t\t\t\t<div class=\"elementor-widget-container\">\n\t\t\t\t\t\t\t\t\t<p>Zwei Fachwerkh\u00e4user aus Orten der n\u00e4heren Umgebung wurden vor dem Abriss oder Verfall bewahrt und im Museum wieder aufgebaut. Sie stammen beide aus dem 17. Jahrhundert und zeigen den Besuchern nicht nur die Wohnverh\u00e4ltnisse fr\u00fcherer Zeiten, sondern auch typische Einrichtungsbeispiele wie M\u00f6bel und Dekorationen.<\/p>\t\t\t\t\t\t\t\t<\/div>\n\t\t\t\t<\/div>\n\t\t\t\t<section class=\"elementor-section elementor-inner-section elementor-element elementor-element-ee83ee9 elementor-section-boxed elementor-section-height-default elementor-section-height-default\" data-id=\"ee83ee9\" data-element_type=\"section\" data-e-type=\"section\">\n\t\t\t\t\t\t<div class=\"elementor-container elementor-column-gap-default\">\n\t\t\t\t\t<div class=\"elementor-column elementor-col-100 elementor-inner-column elementor-element elementor-element-8265b6b\" data-id=\"8265b6b\" data-element_type=\"column\" data-e-type=\"column\">\n\t\t\t<div class=\"elementor-widget-wrap elementor-element-populated\">\n\t\t\t\t\t\t<div class=\"elementor-element elementor-element-3765ae3 elementor-widget elementor-widget-heading\" data-id=\"3765ae3\" data-element_type=\"widget\" data-e-type=\"widget\" data-widget_type=\"heading.default\">\n\t\t\t\t<div class=\"elementor-widget-container\">\n\t\t\t\t\t<h2 class=\"elementor-heading-title elementor-size-medium\">Das Haus Gerressen mit dem Backes<\/h2>\t\t\t\t<\/div>\n\t\t\t\t<\/div>\n\t\t\t\t\t<\/div>\n\t\t<\/div>\n\t\t\t\t\t<\/div>\n\t\t<\/section>\n\t\t\t\t<section class=\"elementor-section elementor-inner-section elementor-element elementor-element-48e459e elementor-section-full_width elementor-section-height-default elementor-section-height-default\" data-id=\"48e459e\" data-element_type=\"section\" data-e-type=\"section\">\n\t\t\t\t\t\t<div class=\"elementor-container elementor-column-gap-default\">\n\t\t\t\t\t<div class=\"elementor-column elementor-col-100 elementor-inner-column elementor-element elementor-element-6bbc7e5\" data-id=\"6bbc7e5\" data-element_type=\"column\" data-e-type=\"column\">\n\t\t\t<div class=\"elementor-widget-wrap elementor-element-populated\">\n\t\t\t\t\t\t<div class=\"elementor-element elementor-element-165b905 elementor-widget elementor-widget-text-editor\" data-id=\"165b905\" data-element_type=\"widget\" data-e-type=\"widget\" data-widget_type=\"text-editor.default\">\n\t\t\t\t<div class=\"elementor-widget-container\">\n\t\t\t\t\t\t\t\t\t<p><a href=\"https:\/\/heimatmuseum-windeck.de\/wp\/wp-content\/uploads\/IMG_20210704_170857-scaled.jpg\" data-rel=\"lightbox-image-0\" data-rl_title=\"Das Haus Gerressen\" data-rl_caption=\"Das Haus Gerressen\" title=\"Das Haus Gerressen\"><img fetchpriority=\"high\" decoding=\"async\" class=\"alignleft wp-image-560\" src=\"https:\/\/heimatmuseum-windeck.de\/wp\/wp-content\/uploads\/IMG_20210704_170857-300x139.jpg\" alt=\"\" width=\"439\" height=\"203\" srcset=\"https:\/\/heimatmuseum-windeck.de\/wp\/wp-content\/uploads\/IMG_20210704_170857-300x139.jpg 300w, https:\/\/heimatmuseum-windeck.de\/wp\/wp-content\/uploads\/IMG_20210704_170857-1024x473.jpg 1024w, https:\/\/heimatmuseum-windeck.de\/wp\/wp-content\/uploads\/IMG_20210704_170857-768x355.jpg 768w, https:\/\/heimatmuseum-windeck.de\/wp\/wp-content\/uploads\/IMG_20210704_170857-1536x710.jpg 1536w, https:\/\/heimatmuseum-windeck.de\/wp\/wp-content\/uploads\/IMG_20210704_170857-2048x946.jpg 2048w\" sizes=\"(max-width: 439px) 100vw, 439px\" \/><\/a>Dieses &#8222;Eindachhaus&#8220; war fr\u00fcher im Bergischen Land weit verbreitet. Stall, Scheune und Wohnr\u00e4ume sind unter einem Dach zusammengefasst. Im Inneren entdeckt der Besucher die K\u00fcche mit einem Backes und eine voll eingerichtete Wohnstube sowie ein &#8222;J\u00e4gerzimmer&#8220; im ehemaligen Stall. Im Obergeschoss befindet sich ein h\u00fcbsch ausgestattete Schlafkammer sowie eine Auswahl landwirtschaftlicher Ger\u00e4te. Auch der Imker ist hier mit seinen Ger\u00e4tschaften anzutreffen.<a href=\"https:\/\/heimatmuseum-windeck.de\/wp\/wp-content\/uploads\/P1110816-1-scaled.jpg\" data-rel=\"lightbox-image-1\" data-rl_title=\"Schlafkammer im Haus Gerressen\" data-rl_caption=\"Schlafkammer im Haus Gerressen\" title=\"Schlafkammer im Haus Gerressen\"><img decoding=\"async\" class=\"alignright wp-image-557 size-medium\" src=\"https:\/\/heimatmuseum-windeck.de\/wp\/wp-content\/uploads\/P1110816-1-300x225.jpg\" alt=\"\" width=\"300\" height=\"225\" srcset=\"https:\/\/heimatmuseum-windeck.de\/wp\/wp-content\/uploads\/P1110816-1-300x225.jpg 300w, https:\/\/heimatmuseum-windeck.de\/wp\/wp-content\/uploads\/P1110816-1-1024x768.jpg 1024w, https:\/\/heimatmuseum-windeck.de\/wp\/wp-content\/uploads\/P1110816-1-768x576.jpg 768w, https:\/\/heimatmuseum-windeck.de\/wp\/wp-content\/uploads\/P1110816-1-1536x1152.jpg 1536w, https:\/\/heimatmuseum-windeck.de\/wp\/wp-content\/uploads\/P1110816-1-2048x1536.jpg 2048w\" sizes=\"(max-width: 300px) 100vw, 300px\" \/><\/a><a href=\"https:\/\/heimatmuseum-windeck.de\/wp\/wp-content\/uploads\/P1110818-1-scaled.jpg\" data-rel=\"lightbox-image-2\" data-rl_title=\"Der imker\" data-rl_caption=\"Der imker\" title=\"Der imker\"><img decoding=\"async\" class=\"alignnone wp-image-558 size-medium\" src=\"https:\/\/heimatmuseum-windeck.de\/wp\/wp-content\/uploads\/P1110818-1-300x225.jpg\" alt=\"\" width=\"300\" height=\"225\" srcset=\"https:\/\/heimatmuseum-windeck.de\/wp\/wp-content\/uploads\/P1110818-1-300x225.jpg 300w, https:\/\/heimatmuseum-windeck.de\/wp\/wp-content\/uploads\/P1110818-1-1024x768.jpg 1024w, https:\/\/heimatmuseum-windeck.de\/wp\/wp-content\/uploads\/P1110818-1-768x576.jpg 768w, https:\/\/heimatmuseum-windeck.de\/wp\/wp-content\/uploads\/P1110818-1-1536x1152.jpg 1536w, https:\/\/heimatmuseum-windeck.de\/wp\/wp-content\/uploads\/P1110818-1-2048x1536.jpg 2048w\" sizes=\"(max-width: 300px) 100vw, 300px\" \/><\/a><\/p>\t\t\t\t\t\t\t\t<\/div>\n\t\t\t\t<\/div>\n\t\t\t\t<div class=\"elementor-element elementor-element-2547ade elementor-widget elementor-widget-heading\" data-id=\"2547ade\" data-element_type=\"widget\" data-e-type=\"widget\" data-widget_type=\"heading.default\">\n\t\t\t\t<div class=\"elementor-widget-container\">\n\t\t\t\t\t<h2 class=\"elementor-heading-title elementor-size-medium\">Das Haus aus Eitorf-Merten<br><\/h2>\t\t\t\t<\/div>\n\t\t\t\t<\/div>\n\t\t\t\t\t<\/div>\n\t\t<\/div>\n\t\t\t\t\t<\/div>\n\t\t<\/section>\n\t\t\t\t<section class=\"elementor-section elementor-inner-section elementor-element elementor-element-04bd81d elementor-section-full_width elementor-section-height-default elementor-section-height-default\" data-id=\"04bd81d\" data-element_type=\"section\" data-e-type=\"section\">\n\t\t\t\t\t\t<div class=\"elementor-container elementor-column-gap-default\">\n\t\t\t\t\t<div class=\"elementor-column elementor-col-100 elementor-inner-column elementor-element elementor-element-c43ef29\" data-id=\"c43ef29\" data-element_type=\"column\" data-e-type=\"column\">\n\t\t\t<div class=\"elementor-widget-wrap elementor-element-populated\">\n\t\t\t\t\t\t<div class=\"elementor-element elementor-element-3d052d0 elementor-widget elementor-widget-text-editor\" data-id=\"3d052d0\" data-element_type=\"widget\" data-e-type=\"widget\" data-widget_type=\"text-editor.default\">\n\t\t\t\t<div class=\"elementor-widget-container\">\n\t\t\t\t\t\t\t\t\t<p data-wp-editing=\"1\"><a href=\"https:\/\/heimatmuseum-windeck.de\/wp\/wp-content\/uploads\/099-scaled.jpg\" data-rel=\"lightbox-image-3\" data-rl_title=\"Haus Merten\" data-rl_caption=\"Haus Merten\" title=\"Haus Merten\"><img loading=\"lazy\" decoding=\"async\" class=\"alignleft wp-image-576\" src=\"https:\/\/heimatmuseum-windeck.de\/wp\/wp-content\/uploads\/099-300x200.jpg\" alt=\"\" width=\"317\" height=\"211\" srcset=\"https:\/\/heimatmuseum-windeck.de\/wp\/wp-content\/uploads\/099-300x200.jpg 300w, https:\/\/heimatmuseum-windeck.de\/wp\/wp-content\/uploads\/099-1024x683.jpg 1024w, https:\/\/heimatmuseum-windeck.de\/wp\/wp-content\/uploads\/099-768x512.jpg 768w, https:\/\/heimatmuseum-windeck.de\/wp\/wp-content\/uploads\/099-1536x1024.jpg 1536w, https:\/\/heimatmuseum-windeck.de\/wp\/wp-content\/uploads\/099-2048x1365.jpg 2048w\" sizes=\"(max-width: 317px) 100vw, 317px\" \/><\/a><\/p><p style=\"text-align: left;\">Im Erd<a href=\"https:\/\/heimatmuseum-windeck.de\/wp\/wp-content\/uploads\/1647772242066-scaled.jpg\" data-rel=\"lightbox-image-4\" data-rl_title=\"H\u00fchnerleiter\" data-rl_caption=\"H\u00fchnerleiter\" title=\"H\u00fchnerleiter\"><img loading=\"lazy\" decoding=\"async\" class=\"alignleft wp-image-618 size-medium\" src=\"https:\/\/heimatmuseum-windeck.de\/wp\/wp-content\/uploads\/1647772242066-139x300.jpg\" alt=\"\" width=\"139\" height=\"300\" srcset=\"https:\/\/heimatmuseum-windeck.de\/wp\/wp-content\/uploads\/1647772242066-139x300.jpg 139w, https:\/\/heimatmuseum-windeck.de\/wp\/wp-content\/uploads\/1647772242066-473x1024.jpg 473w, https:\/\/heimatmuseum-windeck.de\/wp\/wp-content\/uploads\/1647772242066-768x1663.jpg 768w, https:\/\/heimatmuseum-windeck.de\/wp\/wp-content\/uploads\/1647772242066-710x1536.jpg 710w, https:\/\/heimatmuseum-windeck.de\/wp\/wp-content\/uploads\/1647772242066-946x2048.jpg 946w, https:\/\/heimatmuseum-windeck.de\/wp\/wp-content\/uploads\/1647772242066-scaled.jpg 1183w\" sizes=\"(max-width: 139px) 100vw, 139px\" \/><\/a>geschoss des kleinen Fachwerkhauses befinden sich eine K\u00fcche mit gro\u00dfem Kaminabzug und die originalgetreu m\u00f6bilierte Wohnstube.\u00a0 \u00dcber eine steile Stiege erreicht man das Obergeschoss. Hier befindet sich die Schlafkammer mit Wiege und Schaukelpferd. Eine H\u00fchnerleiter im Erdgeschoss zeigt, dass damals das Federvieh mit unter dem eigenen Dach wohnte!<\/p>\t\t\t\t\t\t\t\t<\/div>\n\t\t\t\t<\/div>\n\t\t\t\t\t<\/div>\n\t\t<\/div>\n\t\t\t\t\t<\/div>\n\t\t<\/section>\n\t\t\t\t<div class=\"elementor-element elementor-element-08b6dec elementor-widget elementor-widget-heading\" data-id=\"08b6dec\" data-element_type=\"widget\" data-e-type=\"widget\" data-widget_type=\"heading.default\">\n\t\t\t\t<div class=\"elementor-widget-container\">\n\t\t\t\t\t<h2 class=\"elementor-heading-title elementor-size-medium\">Der Museumsgarten<\/h2>\t\t\t\t<\/div>\n\t\t\t\t<\/div>\n\t\t\t\t<section class=\"elementor-section elementor-inner-section elementor-element elementor-element-25be136 elementor-section-full_width elementor-section-height-default elementor-section-height-default\" data-id=\"25be136\" data-element_type=\"section\" data-e-type=\"section\">\n\t\t\t\t\t\t<div class=\"elementor-container elementor-column-gap-default\">\n\t\t\t\t\t<div class=\"elementor-column elementor-col-100 elementor-inner-column elementor-element elementor-element-b18f1f9\" data-id=\"b18f1f9\" data-element_type=\"column\" data-e-type=\"column\">\n\t\t\t<div class=\"elementor-widget-wrap elementor-element-populated\">\n\t\t\t\t\t\t<div class=\"elementor-element elementor-element-2ceaa65 elementor-widget elementor-widget-text-editor\" data-id=\"2ceaa65\" data-element_type=\"widget\" data-e-type=\"widget\" data-widget_type=\"text-editor.default\">\n\t\t\t\t<div class=\"elementor-widget-container\">\n\t\t\t\t\t\t\t\t\t<p>Zwischen den H\u00e4usern wurde auf dem alten Schulhof der Dorfschule ein traditioneller Bauerngarten angelegt. Die Beete enthalten eine bunte Mischung aus Nutz- und Zierpflanzen. Der Besucher lernt traditionelle, bekannte und weniger bekannte &#8222;Bauernblumen&#8220; und teils nicht mehr jedem bekannte Heilkr\u00e4uter kennen. Ein Holzzaun nach altem Vorbild umgrenzt den Museumsgarten.<\/p><p><a href=\"https:\/\/heimatmuseum-windeck.de\/wp\/wp-content\/uploads\/20190505_140159-scaled.jpg\" data-rel=\"lightbox-image-5\" data-rl_title=\"Im Museumsgarten\" data-rl_caption=\"Im Museumsgarten\" title=\"Im Museumsgarten\"><img loading=\"lazy\" decoding=\"async\" class=\"alignnone wp-image-61 size-medium\" src=\"https:\/\/heimatmuseum-windeck.de\/wp\/wp-content\/uploads\/20190505_140159-300x169.jpg\" alt=\"\" width=\"300\" height=\"169\" srcset=\"https:\/\/heimatmuseum-windeck.de\/wp\/wp-content\/uploads\/20190505_140159-300x169.jpg 300w, https:\/\/heimatmuseum-windeck.de\/wp\/wp-content\/uploads\/20190505_140159-1024x576.jpg 1024w, https:\/\/heimatmuseum-windeck.de\/wp\/wp-content\/uploads\/20190505_140159-768x432.jpg 768w, https:\/\/heimatmuseum-windeck.de\/wp\/wp-content\/uploads\/20190505_140159-1536x864.jpg 1536w, https:\/\/heimatmuseum-windeck.de\/wp\/wp-content\/uploads\/20190505_140159-2048x1152.jpg 2048w, https:\/\/heimatmuseum-windeck.de\/wp\/wp-content\/uploads\/20190505_140159-1200x675.jpg 1200w, https:\/\/heimatmuseum-windeck.de\/wp\/wp-content\/uploads\/20190505_140159-1980x1114.jpg 1980w\" sizes=\"(max-width: 300px) 100vw, 300px\" \/><\/a><\/p><p>Dieser Garten wird liebevoll von der lokalen Agenda gepflegt, die auch regelm\u00e4\u00dfige Veranstaltungen im Museum durchf\u00fchrt (s. <span style=\"text-decoration: underline;\"><em><strong><a href=\"https:\/\/heimatmuseum-windeck.de\/wp\/termine\/\">Aktuelles\/Termine<\/a><\/strong><\/em><\/span>).<\/p>\t\t\t\t\t\t\t\t<\/div>\n\t\t\t\t<\/div>\n\t\t\t\t<div class=\"elementor-element elementor-element-d4c8020 elementor-widget elementor-widget-spacer\" data-id=\"d4c8020\" data-element_type=\"widget\" data-e-type=\"widget\" data-widget_type=\"spacer.default\">\n\t\t\t\t<div class=\"elementor-widget-container\">\n\t\t\t\t\t\t\t<div class=\"elementor-spacer\">\n\t\t\t<div class=\"elementor-spacer-inner\"><\/div>\n\t\t<\/div>\n\t\t\t\t\t\t<\/div>\n\t\t\t\t<\/div>\n\t\t\t\t\t<\/div>\n\t\t<\/div>\n\t\t\t\t\t<\/div>\n\t\t<\/section>\n\t\t\t\t<section class=\"elementor-section elementor-inner-section elementor-element elementor-element-ea8ddd3 elementor-section-boxed elementor-section-height-default elementor-section-height-default\" data-id=\"ea8ddd3\" data-element_type=\"section\" data-e-type=\"section\">\n\t\t\t\t\t\t<div class=\"elementor-container elementor-column-gap-default\">\n\t\t\t\t\t<div class=\"elementor-column elementor-col-50 elementor-inner-column elementor-element elementor-element-2e79682\" data-id=\"2e79682\" data-element_type=\"column\" data-e-type=\"column\">\n\t\t\t<div class=\"elementor-widget-wrap elementor-element-populated\">\n\t\t\t\t\t\t<div class=\"elementor-element elementor-element-5ff83ac elementor-align-left elementor-widget elementor-widget-button\" data-id=\"5ff83ac\" data-element_type=\"widget\" data-e-type=\"widget\" data-widget_type=\"button.default\">\n\t\t\t\t<div class=\"elementor-widget-container\">\n\t\t\t\t\t\t\t\t\t<div class=\"elementor-button-wrapper\">\n\t\t\t\t\t<a class=\"elementor-button elementor-button-link elementor-size-md elementor-animation-grow\" href=\"https:\/\/heimatmuseum-windeck.de\/?page_id=504\">\n\t\t\t\t\t\t<span class=\"elementor-button-content-wrapper\">\n\t\t\t\t\t\t\t\t\t<span class=\"elementor-button-text\">Zu den Scheunen und M\u00fchlen<\/span>\n\t\t\t\t\t<\/span>\n\t\t\t\t\t<\/a>\n\t\t\t\t<\/div>\n\t\t\t\t\t\t\t\t<\/div>\n\t\t\t\t<\/div>\n\t\t\t\t\t<\/div>\n\t\t<\/div>\n\t\t\t\t<div class=\"elementor-column elementor-col-50 elementor-inner-column elementor-element elementor-element-df77a19\" data-id=\"df77a19\" data-element_type=\"column\" data-e-type=\"column\">\n\t\t\t<div class=\"elementor-widget-wrap elementor-element-populated\">\n\t\t\t\t\t\t<div class=\"elementor-element elementor-element-3377e9e elementor-align-right elementor-widget elementor-widget-button\" data-id=\"3377e9e\" data-element_type=\"widget\" data-e-type=\"widget\" data-widget_type=\"button.default\">\n\t\t\t\t<div class=\"elementor-widget-container\">\n\t\t\t\t\t\t\t\t\t<div class=\"elementor-button-wrapper\">\n\t\t\t\t\t<a class=\"elementor-button elementor-button-link elementor-size-md elementor-animation-grow\" href=\"https:\/\/heimatmuseum-windeck.de\/wp\/das-museum\/\">\n\t\t\t\t\t\t<span class=\"elementor-button-content-wrapper\">\n\t\t\t\t\t\t\t\t\t<span class=\"elementor-button-text\">Zur\u00fcck zum Museum<\/span>\n\t\t\t\t\t<\/span>\n\t\t\t\t\t<\/a>\n\t\t\t\t<\/div>\n\t\t\t\t\t\t\t\t<\/div>\n\t\t\t\t<\/div>\n\t\t\t\t\t<\/div>\n\t\t<\/div>\n\t\t\t\t\t<\/div>\n\t\t<\/section>\n\t\t\t\t\t<\/div>\n\t\t<\/div>\n\t\t\t\t\t<\/div>\n\t\t<\/section>\n\t\t\t\t<\/div>\n\t\t","protected":false},"excerpt":{"rendered":"<p>Zwei Fachwerkh\u00e4user aus Orten der n\u00e4heren Umgebung wurden vor dem Abriss oder Verfall bewahrt und im Museum wieder aufgebaut. Sie stammen beide aus dem 17. Jahrhundert und zeigen den Besuchern nicht nur die Wohnverh\u00e4ltnisse fr\u00fcherer Zeiten, sondern auch typische Einrichtungsbeispiele wie M\u00f6bel und Dekorationen. Das Haus Gerressen mit dem Backes Dieses &#8222;Eindachhaus&#8220; war fr\u00fcher im [&hellip;]<\/p>\n","protected":false},"author":1,"featured_media":0,"parent":0,"menu_order":0,"comment_status":"closed","ping_status":"closed","template":"","meta":{"ocean_post_layout":"full-screen","ocean_both_sidebars_style":"","ocean_both_sidebars_content_width":0,"ocean_both_sidebars_sidebars_width":0,"ocean_sidebar":"0","ocean_second_sidebar":"0","ocean_disable_margins":"enable","ocean_add_body_class":"","ocean_shortcode_before_top_bar":"","ocean_shortcode_after_top_bar":"","ocean_shortcode_before_header":"","ocean_shortcode_after_header":"","ocean_has_shortcode":"","ocean_shortcode_after_title":"","ocean_shortcode_before_footer_widgets":"","ocean_shortcode_after_footer_widgets":"","ocean_shortcode_before_footer_bottom":"","ocean_shortcode_after_footer_bottom":"","ocean_display_top_bar":"off","ocean_display_header":"default","ocean_header_style":"","ocean_center_header_left_menu":"0","ocean_custom_header_template":"0","ocean_custom_logo":0,"ocean_custom_retina_logo":0,"ocean_custom_logo_max_width":0,"ocean_custom_logo_tablet_max_width":0,"ocean_custom_logo_mobile_max_width":0,"ocean_custom_logo_max_height":0,"ocean_custom_logo_tablet_max_height":0,"ocean_custom_logo_mobile_max_height":0,"ocean_header_custom_menu":"0","ocean_menu_typo_font_family":"0","ocean_menu_typo_font_subset":"","ocean_menu_typo_font_size":0,"ocean_menu_typo_font_size_tablet":0,"ocean_menu_typo_font_size_mobile":0,"ocean_menu_typo_font_size_unit":"px","ocean_menu_typo_font_weight":"","ocean_menu_typo_font_weight_tablet":"","ocean_menu_typo_font_weight_mobile":"","ocean_menu_typo_transform":"","ocean_menu_typo_transform_tablet":"","ocean_menu_typo_transform_mobile":"","ocean_menu_typo_line_height":0,"ocean_menu_typo_line_height_tablet":0,"ocean_menu_typo_line_height_mobile":0,"ocean_menu_typo_line_height_unit":"","ocean_menu_typo_spacing":0,"ocean_menu_typo_spacing_tablet":0,"ocean_menu_typo_spacing_mobile":0,"ocean_menu_typo_spacing_unit":"","ocean_menu_link_color":"","ocean_menu_link_color_hover":"","ocean_menu_link_color_active":"","ocean_menu_link_background":"","ocean_menu_link_hover_background":"","ocean_menu_link_active_background":"","ocean_menu_social_links_bg":"","ocean_menu_social_hover_links_bg":"","ocean_menu_social_links_color":"","ocean_menu_social_hover_links_color":"","ocean_disable_title":"default","ocean_disable_heading":"default","ocean_post_title":"","ocean_post_subheading":"","ocean_post_title_style":"","ocean_post_title_background_color":"","ocean_post_title_background":0,"ocean_post_title_bg_image_position":"","ocean_post_title_bg_image_attachment":"","ocean_post_title_bg_image_repeat":"","ocean_post_title_bg_image_size":"","ocean_post_title_height":0,"ocean_post_title_bg_overlay":0.5,"ocean_post_title_bg_overlay_color":"","ocean_disable_breadcrumbs":"default","ocean_breadcrumbs_color":"","ocean_breadcrumbs_separator_color":"","ocean_breadcrumbs_links_color":"","ocean_breadcrumbs_links_hover_color":"","ocean_display_footer_widgets":"default","ocean_display_footer_bottom":"default","ocean_custom_footer_template":"0","footnotes":""},"class_list":["post-502","page","type-page","status-publish","hentry","entry"],"_links":{"self":[{"href":"https:\/\/heimatmuseum-windeck.de\/index.php?rest_route=\/wp\/v2\/pages\/502","targetHints":{"allow":["GET"]}}],"collection":[{"href":"https:\/\/heimatmuseum-windeck.de\/index.php?rest_route=\/wp\/v2\/pages"}],"about":[{"href":"https:\/\/heimatmuseum-windeck.de\/index.php?rest_route=\/wp\/v2\/types\/page"}],"author":[{"embeddable":true,"href":"https:\/\/heimatmuseum-windeck.de\/index.php?rest_route=\/wp\/v2\/users\/1"}],"replies":[{"embeddable":true,"href":"https:\/\/heimatmuseum-windeck.de\/index.php?rest_route=%2Fwp%2Fv2%2Fcomments&post=502"}],"version-history":[{"count":10,"href":"https:\/\/heimatmuseum-windeck.de\/index.php?rest_route=\/wp\/v2\/pages\/502\/revisions"}],"predecessor-version":[{"id":2423,"href":"https:\/\/heimatmuseum-windeck.de\/index.php?rest_route=\/wp\/v2\/pages\/502\/revisions\/2423"}],"wp:attachment":[{"href":"https:\/\/heimatmuseum-windeck.de\/index.php?rest_route=%2Fwp%2Fv2%2Fmedia&parent=502"}],"curies":[{"name":"wp","href":"https:\/\/api.w.org\/{rel}","templated":true}]}}