{"id":44,"date":"2022-03-02T16:01:43","date_gmt":"2022-03-02T15:01:43","guid":{"rendered":"https:\/\/heimatmuseum-windeck.de\/wp\/?page_id=44"},"modified":"2025-11-16T15:29:10","modified_gmt":"2025-11-16T14:29:10","slug":"impressum","status":"publish","type":"page","link":"https:\/\/heimatmuseum-windeck.de\/?page_id=44","title":{"rendered":"Impressum"},"content":{"rendered":"\n<p><br>Angaben gem\u00e4\u00df \u00a7 5 TMG<br>F\u00f6rderverein des Emil-Hundhausen-Heimatmuseums in Altwindeck e,V-<br>Im Thal Windeck 17<br>51570 Windeck<\/p>\n\n\n\n<p><br>Vertreten durch:<br>Andreas Lutz<br>Karl-Josef Gro\u00df<br>Willy Hinz<br>Lisa Ansch\u00fctz<br>Axel Sch\u00f6nfelder<br>Annette Wirths<br>Peter Simon<\/p>\n\n\n\n<p><br>Kontakt<br>Telefon: 02292 3590<br>E-Mail: museumsdorf-altwindeck@online.de<br>Postadresse<br>Kontakt:<br>Willy Hinz<br>Im Thal Windeck 16<br>51570 Windeck<\/p>\n\n\n\n<p><br>Umsatzsteuer-ID<br>Umsatzsteuer-Identifikationsnummer gem\u00e4\u00df \u00a7 27 a Umsatzsteuergesetz:<br>DE237239136<br>Redaktionell verantwortlich:<br>Willy Hinz<br>Im Thal Windeck 16<\/p>\n\n\n\n<p><strong>Haftungsausschluss (Disclaimer)<\/strong><\/p>\n\n\n\n<p>Quelle: eRecht24.de -Internetrecht von Rechtsanwalt S\u00f6ren Siebert<\/p>\n\n\n\n<p><strong>Haftung f\u00fcr Inhalte<\/strong><\/p>\n\n\n\n<p>Die Inhalte unserer Seiten wurden mit gr\u00f6\u00dfter Sorgfalt erstellt. F\u00fcr die Richtigkeit, Vollst\u00e4ndigkeit und Aktualit\u00e4t der Inhalte k\u00f6nnen wir jedoch keine Gew\u00e4hr \u00fcbernehmen.<\/p>\n\n\n\n<p>Als Diensteanbieter sind wir gem\u00e4\u00df \u00a7 7 Abs.1 TMG f\u00fcr eigene Inhalte auf diesen Seiten nach den allgemeinen Gesetzen verantwortlich. Nach \u00a7\u00a7 8 bis 10 TMG sind wir als Diensteanbieter jedoch nicht verpflichtet, \u00fcbermittelte oder gespeicherte fremde Informationen zu \u00fcberwachen oder nach Umst\u00e4nden zu forschen, die auf eine rechtswidrige T\u00e4tigkeit hinweisen. Verpflichtungen zur Entfernung oder Sperrung der Nutzung von Informationen nach den allgemeinen Gesetzen bleiben hiervon unber\u00fchrt. Eine diesbez\u00fcgliche Haftung ist jedoch erst ab dem Zeitpunkt der Kenntnis einer konkreten Rechtsverletzung m\u00f6glich. Bei bekannt werden von entsprechenden Rechtsverletzungen werden wir diese Inhalte umgehend entfernen.<\/p>\n\n\n\n<p><strong>Haftung f\u00fcr Links<\/strong><\/p>\n\n\n\n<p>Unser Angebot enth\u00e4lt Links zu externen Webseiten Dritter, auf deren Inhalte wir keinen Einfluss haben. Deshalb k\u00f6nnen wir f\u00fcr diese fremden Inhalte auch keine Gew\u00e4hr \u00fcbernehmen. F\u00fcr die Inhalte der verlinkten Seiten ist stets der jeweilige Anbieter oder Betreiber der Seiten verantwortlich. Die verlinkten Seiten wurden zum Zeitpunkt der Verlinkung auf m\u00f6gliche Rechtsverst\u00f6\u00dfe \u00fcberpr\u00fcft. Rechtswidrige Inhalte waren zum Zeitpunkt der Verlinkung nicht erkennbar. Eine permanente inhaltliche Kontrolle der verlinkten Seiten ist jedoch ohne konkrete Anhaltspunkte einer Rechtsverletzung nicht zumutbar. Bei Bekanntwerden von Rechtsverletzungen<br>werden wir derartige Links umgehend entfernen.<\/p>\n\n\n\n<p><strong>Urheberrecht<\/strong><\/p>\n\n\n\n<p>Die durch die Seitenbetreiber erstellten Inhalte und Werke auf diesen Seiten unterliegen dem deutschen Urheberrecht. Die Vervielf\u00e4ltigung, Bearbeitung, Verbreitung und jede Art der Verwertung au\u00dferhalb der Grenzen des Urheberrechtes bed\u00fcrfen der schriftlichen Zustimmung des jeweiligen Autors bzw. Erstellers. Downloads und Kopien dieser Seite sind nur f\u00fcr den privaten, nicht kommerziellen Gebrauch gestattet. Soweit die Inhalte auf dieser Seite nicht vom Betreiber erstellt wurden, werden die Urheberrechte Dritter beachtet. Insbesondere werden Inhalte Dritter als solche gekennzeichnet. Sollten Sie trotzdem auf ein Urheberrechts-verletzung aufmerksam werden, bitten wir um einen entsprechenden Hinweis. Bei<br>Bekanntwerden von Rechtsverletzungen werden wir derartige Inhalte umgehend<br>entfernen.<\/p>\n\n\n\n<p><strong>Datenschutz<\/strong><\/p>\n\n\n\n<p>Die Nutzung unserer Webseite ist ohne die Angabe personenbezogener oder sonstiger Daten m\u00f6glich. Wir erfassen oder speichern keine Daten von Nutzern. Daher ist auch eine Weitergabe von Daten der Nutzer ausgeschlossen.<\/p>\n\n\n\n<p>Soweit Nutzer auf unseren Seiten personenbezogene Daten (beispielsweise Name, Anschrift oder eMail-Adressen) hinterlassen z.B. durch eine Nachricht an uns, erfolgt dies stets auf freiwilliger Basis. Ihre Angaben dienen lediglich dazu mit Ihnen in Kontakt zu treten. Diese Daten werden ohne Ihre ausdr\u00fcckliche Zustimmung nicht an Dritte weitergegeben und grunds\u00e4tzlich nach einem Jahr gel\u00f6scht.&nbsp;Wir weisen darauf hin, dass die Daten\u00fcbertragung im Internet (z.B. bei der Kommunikation per E-Mail) Sicherheitsl\u00fccken aufweisen kann. Ein l\u00fcckenloser Schutz der Daten vor dem Zugriff durch Dritte ist nicht m\u00f6glich.<\/p>\n\n\n\n<p><strong>Zust\u00e4ndige Datenschutzbeh\u00f6rde:<\/strong><\/p>\n\n\n\n<p>Landesbeauftragte f\u00fcr Datenschutz und Informationsfreiheit<br>Nordrhein-Westfalen<br>Postfach 20 04 44<br>40102 D\u00fcsseldorf<\/p>\n\n\n\n<p>Tel.: 0211\/38424-0<br>E-Mail: <a href=\"mailto:%20poststelle@ldi.nrw.de\">poststelle@ldi.nrw.de<\/a><\/p>\n\n\n\n<p><strong>Ihre Rechte gegen\u00fcber dem F\u00f6rderverein:<\/strong><\/p>\n\n\n\n<p>Sie haben als betroffene Person folgende Rechte, die Sie gegen\u00fcber uns und\/oder unseren Dienstleistern wahrnehmen k\u00f6nnen:<\/p>\n\n\n\n<p>Sie haben das Recht:<\/p>\n\n\n\n<p>1. auf Auskunft \u00fcber<\/p>\n\n\n\n<p>&#8211; die Verarbeitungszwecke<\/p>\n\n\n\n<p>&#8211; die Kategorien personenbezogener Daten, die verarbeitet werden<\/p>\n\n\n\n<p>&#8211; die Empf\u00e4nger oder Kategorien von Empf\u00e4ngern, gegen\u00fcber denen die personenbezogenen Daten offengelegt worden sind oder noch offengelegt werden, insbesondere bei Empf\u00e4ngern in Drittl\u00e4ndern oder bei internationalen Organisationen<\/p>\n\n\n\n<p>&#8211; falls m\u00f6glich die geplante Dauer, f\u00fcr die personenbezogene Daten gespeichert werden, oder, falls dies nicht m\u00f6glich ist, die Kriterien f\u00fcr die Festlegung dieser Dauer<\/p>\n\n\n\n<p>&#8211; das Bestehen eines Rechtes auf Berichtigung oder L\u00f6schung der sie betreffenden personenbezogenen Daten oder auf Einschr\u00e4nkung der Verarbeitung durch uns oder eines Widerspruchsrechts gegen eine Verarbeitung<\/p>\n\n\n\n<p>2. sich bei der zust\u00e4ndigen Aufsichtsbeh\u00f6rde zu beschweren (Adresse siehe oben)<\/p>\n\n\n\n<p>3. auf eine Kopie der personenbezogenen Daten, die bei uns erhoben wurden<\/p>\n\n\n\n<p>4. auf Daten\u00fcbertragung, d.h. Sie k\u00f6nnen einen vollst\u00e4ndigen Satz aller Daten, die wir im Rahmen unseres Kontaktes&nbsp;erhoben, verarbeitet oder genutzt haben, mitnehmen<\/p>\n\n\n\n<p>5. jede datenschutzrechtliche Einwilligung, die sie uns gegen\u00fcber abgegeben haben, zu widerrufen.<\/p>\n\n\n\n<p>Der Nutzung von im Rahmen der Impressumspflicht ver\u00f6ffentlichten Kontaktdaten durch Dritte zur \u00dcbersendung von nicht ausdr\u00fccklich angeforderter Werbung und<br>Informationsmaterialien wird hiermit ausdr\u00fccklich widersprochen. Die Betreiber<br>der Seiten behalten sich ausdr\u00fccklich rechtliche Schritte im Falle der unverlangten Zusendung von Werbeinformationen, etwa durch Spam-Mails, vor.<\/p>\n\n\n\n<p><strong>Allgemeine Datenschutzerkl\u00e4rung<\/strong><\/p>\n\n\n\n<p>Durch die Nutzung unserer Website erkl\u00e4ren Sie sich mit der Erhebung, Verarbeitung und Nutzung von Daten gem\u00e4\u00df der nachfolgenden Beschreibung einverstanden. Unsere Website kann grunds\u00e4tzlich ohne Registrierung besucht werden. Dabei werden Daten wie beispielsweise aufgerufene Seiten bzw. Namen der abgerufenen Datei, Datum und Uhrzeit zu statistischen Zwecken auf dem Server gespeichert, ohne dass diese Daten unmittelbar auf Ihre Person bezogen werden. Personenbezogene Daten, insbesondere Name, Adresse oder E-Mail-Adresse werden soweit m\u00f6glich auf freiwilliger Basis erhoben. Ohne Ihre Einwilligung erfolgt keine Weitergabe der Daten an Dritte<\/p>\n","protected":false},"excerpt":{"rendered":"<p>Angaben gem\u00e4\u00df \u00a7 5 TMGF\u00f6rderverein des Emil-Hundhausen-Heimatmuseums in Altwindeck e,V-Im Thal Windeck 1751570 Windeck Vertreten durch:Andreas LutzKarl-Josef Gro\u00dfWilly HinzLisa Ansch\u00fctzAxel Sch\u00f6nfelderAnnette WirthsPeter Simon KontaktTelefon: 02292 3590E-Mail: museumsdorf-altwindeck@online.dePostadresseKontakt:Willy HinzIm Thal Windeck 1651570 Windeck Umsatzsteuer-IDUmsatzsteuer-Identifikationsnummer gem\u00e4\u00df \u00a7 27 a Umsatzsteuergesetz:DE237239136Redaktionell verantwortlich:Willy HinzIm Thal Windeck 16 Haftungsausschluss (Disclaimer) Quelle: eRecht24.de -Internetrecht von Rechtsanwalt S\u00f6ren Siebert Haftung f\u00fcr Inhalte [&hellip;]<\/p>\n","protected":false},"author":1,"featured_media":0,"parent":0,"menu_order":0,"comment_status":"closed","ping_status":"closed","template":"","meta":{"ocean_post_layout":"full-width","ocean_both_sidebars_style":"","ocean_both_sidebars_content_width":0,"ocean_both_sidebars_sidebars_width":0,"ocean_sidebar":"0","ocean_second_sidebar":"0","ocean_disable_margins":"enable","ocean_add_body_class":"","ocean_shortcode_before_top_bar":"","ocean_shortcode_after_top_bar":"","ocean_shortcode_before_header":"","ocean_shortcode_after_header":"","ocean_has_shortcode":"","ocean_shortcode_after_title":"","ocean_shortcode_before_footer_widgets":"","ocean_shortcode_after_footer_widgets":"","ocean_shortcode_before_footer_bottom":"","ocean_shortcode_after_footer_bottom":"","ocean_display_top_bar":"off","ocean_display_header":"default","ocean_header_style":"","ocean_center_header_left_menu":"0","ocean_custom_header_template":"0","ocean_custom_logo":0,"ocean_custom_retina_logo":0,"ocean_custom_logo_max_width":0,"ocean_custom_logo_tablet_max_width":0,"ocean_custom_logo_mobile_max_width":0,"ocean_custom_logo_max_height":0,"ocean_custom_logo_tablet_max_height":0,"ocean_custom_logo_mobile_max_height":0,"ocean_header_custom_menu":"0","ocean_menu_typo_font_family":"0","ocean_menu_typo_font_subset":"","ocean_menu_typo_font_size":0,"ocean_menu_typo_font_size_tablet":0,"ocean_menu_typo_font_size_mobile":0,"ocean_menu_typo_font_size_unit":"px","ocean_menu_typo_font_weight":"","ocean_menu_typo_font_weight_tablet":"","ocean_menu_typo_font_weight_mobile":"","ocean_menu_typo_transform":"","ocean_menu_typo_transform_tablet":"","ocean_menu_typo_transform_mobile":"","ocean_menu_typo_line_height":0,"ocean_menu_typo_line_height_tablet":0,"ocean_menu_typo_line_height_mobile":0,"ocean_menu_typo_line_height_unit":"","ocean_menu_typo_spacing":0,"ocean_menu_typo_spacing_tablet":0,"ocean_menu_typo_spacing_mobile":0,"ocean_menu_typo_spacing_unit":"","ocean_menu_link_color":"","ocean_menu_link_color_hover":"","ocean_menu_link_color_active":"","ocean_menu_link_background":"","ocean_menu_link_hover_background":"","ocean_menu_link_active_background":"","ocean_menu_social_links_bg":"","ocean_menu_social_hover_links_bg":"","ocean_menu_social_links_color":"","ocean_menu_social_hover_links_color":"","ocean_disable_title":"default","ocean_disable_heading":"default","ocean_post_title":"","ocean_post_subheading":"","ocean_post_title_style":"","ocean_post_title_background_color":"","ocean_post_title_background":0,"ocean_post_title_bg_image_position":"","ocean_post_title_bg_image_attachment":"","ocean_post_title_bg_image_repeat":"","ocean_post_title_bg_image_size":"","ocean_post_title_height":0,"ocean_post_title_bg_overlay":0.5,"ocean_post_title_bg_overlay_color":"","ocean_disable_breadcrumbs":"default","ocean_breadcrumbs_color":"","ocean_breadcrumbs_separator_color":"","ocean_breadcrumbs_links_color":"","ocean_breadcrumbs_links_hover_color":"","ocean_display_footer_widgets":"default","ocean_display_footer_bottom":"default","ocean_custom_footer_template":"0","footnotes":""},"class_list":["post-44","page","type-page","status-publish","hentry","entry"],"_links":{"self":[{"href":"https:\/\/heimatmuseum-windeck.de\/index.php?rest_route=\/wp\/v2\/pages\/44","targetHints":{"allow":["GET"]}}],"collection":[{"href":"https:\/\/heimatmuseum-windeck.de\/index.php?rest_route=\/wp\/v2\/pages"}],"about":[{"href":"https:\/\/heimatmuseum-windeck.de\/index.php?rest_route=\/wp\/v2\/types\/page"}],"author":[{"embeddable":true,"href":"https:\/\/heimatmuseum-windeck.de\/index.php?rest_route=\/wp\/v2\/users\/1"}],"replies":[{"embeddable":true,"href":"https:\/\/heimatmuseum-windeck.de\/index.php?rest_route=%2Fwp%2Fv2%2Fcomments&post=44"}],"version-history":[{"count":5,"href":"https:\/\/heimatmuseum-windeck.de\/index.php?rest_route=\/wp\/v2\/pages\/44\/revisions"}],"predecessor-version":[{"id":2436,"href":"https:\/\/heimatmuseum-windeck.de\/index.php?rest_route=\/wp\/v2\/pages\/44\/revisions\/2436"}],"wp:attachment":[{"href":"https:\/\/heimatmuseum-windeck.de\/index.php?rest_route=%2Fwp%2Fv2%2Fmedia&parent=44"}],"curies":[{"name":"wp","href":"https:\/\/api.w.org\/{rel}","templated":true}]}}