{"id":40,"date":"2022-03-02T15:26:25","date_gmt":"2022-03-02T14:26:25","guid":{"rendered":"https:\/\/heimatmuseum-windeck.de\/wp\/?page_id=40"},"modified":"2022-05-17T15:17:36","modified_gmt":"2022-05-17T13:17:36","slug":"der-foerderverein","status":"publish","type":"page","link":"https:\/\/heimatmuseum-windeck.de\/?page_id=40","title":{"rendered":"Der F\u00f6rderverein"},"content":{"rendered":"\t\t<div data-elementor-type=\"wp-page\" data-elementor-id=\"40\" class=\"elementor elementor-40\">\n\t\t\t\t\t\t<section class=\"elementor-section elementor-top-section elementor-element elementor-element-62de6cea elementor-section-boxed elementor-section-height-default elementor-section-height-default\" data-id=\"62de6cea\" data-element_type=\"section\" data-e-type=\"section\">\n\t\t\t\t\t\t<div class=\"elementor-container elementor-column-gap-default\">\n\t\t\t\t\t<div class=\"elementor-column elementor-col-100 elementor-top-column elementor-element elementor-element-706b6ddf\" data-id=\"706b6ddf\" data-element_type=\"column\" data-e-type=\"column\">\n\t\t\t<div class=\"elementor-widget-wrap\">\n\t\t\t\t\t\t\t<\/div>\n\t\t<\/div>\n\t\t\t\t\t<\/div>\n\t\t<\/section>\n\t\t\t\t<section class=\"elementor-section elementor-top-section elementor-element elementor-element-0144d58 elementor-section-boxed elementor-section-height-default elementor-section-height-default\" data-id=\"0144d58\" data-element_type=\"section\" data-e-type=\"section\">\n\t\t\t\t\t\t<div class=\"elementor-container elementor-column-gap-default\">\n\t\t\t\t\t<div class=\"elementor-column elementor-col-100 elementor-top-column elementor-element elementor-element-1bb38b5\" data-id=\"1bb38b5\" data-element_type=\"column\" data-e-type=\"column\">\n\t\t\t<div class=\"elementor-widget-wrap elementor-element-populated\">\n\t\t\t\t\t\t<div class=\"elementor-element elementor-element-71d26e1 elementor-widget elementor-widget-text-editor\" data-id=\"71d26e1\" data-element_type=\"widget\" data-e-type=\"widget\" data-widget_type=\"text-editor.default\">\n\t\t\t\t<div class=\"elementor-widget-container\">\n\t\t\t\t\t\t\t\t\t\n<p>Die &#8222;Freunde und F\u00f6rderer des Emil Hundhausen Heimatmuseums in Altwindeck e.V.&#8220; betreiben das Heimatmuseum Windeck. Der F\u00f6rderverein leistet dabei die \u00d6ffnung und Verwaltung des Museums. Er sorgt f\u00fcr die Instandhaltung und Erweiterung der Geb\u00e4ude und Sammlungsgegenst\u00e4nde. Er f\u00fchrt vielf\u00e4ltige Veranstaltungen durch und vieles mehr. Ohne das ehrenamtliche Engagement der Mitglieder des F\u00f6rdervereins g\u00e4be es das Heimatmuseum Windeck nicht, welches durch seine ausschlie\u00dflich private Finanzierung durch den F\u00f6rderverein in diesem Rahmen einzigartig ist.<\/p>\n\n<p>Der F\u00f6rderverein Heimatmuseum Altwindeck e.V. erhielt 2009 den erstmals vergebenden kulturellen Ehrenamtspreis des Landes NRW.<\/p>\n\n<p>Wenn Sie unsere Arbeit unterst\u00fctzen wollen, dann werden Sie Mitglied bei uns. Ein Beitrittsformular k\u00f6nnen Sie <a href=\"https:\/\/heimatmuseum-windeck.de\/wp\/wp-content\/uploads\/Beitrittserklaerung-Formular.docx\"><span style=\"text-decoration: underline;\"><em><strong>hier<\/strong><\/em><\/span> <\/a>ausdrucken oder wir schicken es Ihnen auf Wunsch gerne zu.<\/p>\n\n<p>Der Mindest-Jahresbeitrag betr\u00e4gt 15 Euro.<\/p>\n\n<p>Wir freuen uns auch \u00fcber Spenden zur Unterst\u00fctzung unserer Arbeit.<br \/>F\u00fcr Ihre Spende stellen wir Ihnen gerne eine Spendenbescheinigung aus.<\/p>\n\n<p>Unser Konto bei der KSK K\u00f6ln:<br \/>IBAN DE33370502990040001067<br \/>BIC COKSDE33XX<\/p>\n\n<p>F\u00fcr weitere Informationen zum F\u00f6rderverein wenden Sie sich bitte an<br \/><a href=\"mailto:museumsdorf-altwindeck@online.de\">museumsdorf-altwindeck@online.de<\/a><\/p>\n\t\t\t\t\t\t\t\t<\/div>\n\t\t\t\t<\/div>\n\t\t\t\t<div class=\"elementor-element elementor-element-5270cd9 elementor-align-right elementor-widget elementor-widget-button\" data-id=\"5270cd9\" data-element_type=\"widget\" data-e-type=\"widget\" data-widget_type=\"button.default\">\n\t\t\t\t<div class=\"elementor-widget-container\">\n\t\t\t\t\t\t\t\t\t<div class=\"elementor-button-wrapper\">\n\t\t\t\t\t<a class=\"elementor-button elementor-button-link elementor-size-md elementor-animation-grow\" href=\"https:\/\/heimatmuseum-windeck.de\/\">\n\t\t\t\t\t\t<span class=\"elementor-button-content-wrapper\">\n\t\t\t\t\t\t\t\t\t<span class=\"elementor-button-text\">Zur\u00fcck<\/span>\n\t\t\t\t\t<\/span>\n\t\t\t\t\t<\/a>\n\t\t\t\t<\/div>\n\t\t\t\t\t\t\t\t<\/div>\n\t\t\t\t<\/div>\n\t\t\t\t\t<\/div>\n\t\t<\/div>\n\t\t\t\t\t<\/div>\n\t\t<\/section>\n\t\t\t\t<\/div>\n\t\t","protected":false},"excerpt":{"rendered":"<p>Die &#8222;Freunde und F\u00f6rderer des Emil Hundhausen Heimatmuseums in Altwindeck e.V.&#8220; betreiben das Heimatmuseum Windeck. Der F\u00f6rderverein leistet dabei die \u00d6ffnung und Verwaltung des Museums. Er sorgt f\u00fcr die Instandhaltung und Erweiterung der Geb\u00e4ude und Sammlungsgegenst\u00e4nde. Er f\u00fchrt vielf\u00e4ltige Veranstaltungen durch und vieles mehr. Ohne das ehrenamtliche Engagement der Mitglieder des F\u00f6rdervereins g\u00e4be es das [&hellip;]<\/p>\n","protected":false},"author":1,"featured_media":0,"parent":0,"menu_order":0,"comment_status":"closed","ping_status":"closed","template":"","meta":{"ocean_post_layout":"full-screen","ocean_both_sidebars_style":"","ocean_both_sidebars_content_width":0,"ocean_both_sidebars_sidebars_width":0,"ocean_sidebar":"0","ocean_second_sidebar":"0","ocean_disable_margins":"enable","ocean_add_body_class":"","ocean_shortcode_before_top_bar":"","ocean_shortcode_after_top_bar":"","ocean_shortcode_before_header":"","ocean_shortcode_after_header":"","ocean_has_shortcode":"","ocean_shortcode_after_title":"","ocean_shortcode_before_footer_widgets":"","ocean_shortcode_after_footer_widgets":"","ocean_shortcode_before_footer_bottom":"","ocean_shortcode_after_footer_bottom":"","ocean_display_top_bar":"off","ocean_display_header":"on","ocean_header_style":"","ocean_center_header_left_menu":"0","ocean_custom_header_template":"0","ocean_custom_logo":0,"ocean_custom_retina_logo":0,"ocean_custom_logo_max_width":0,"ocean_custom_logo_tablet_max_width":0,"ocean_custom_logo_mobile_max_width":0,"ocean_custom_logo_max_height":0,"ocean_custom_logo_tablet_max_height":0,"ocean_custom_logo_mobile_max_height":0,"ocean_header_custom_menu":"0","ocean_menu_typo_font_family":"0","ocean_menu_typo_font_subset":"","ocean_menu_typo_font_size":0,"ocean_menu_typo_font_size_tablet":0,"ocean_menu_typo_font_size_mobile":0,"ocean_menu_typo_font_size_unit":"px","ocean_menu_typo_font_weight":"","ocean_menu_typo_font_weight_tablet":"","ocean_menu_typo_font_weight_mobile":"","ocean_menu_typo_transform":"","ocean_menu_typo_transform_tablet":"","ocean_menu_typo_transform_mobile":"","ocean_menu_typo_line_height":0,"ocean_menu_typo_line_height_tablet":0,"ocean_menu_typo_line_height_mobile":0,"ocean_menu_typo_line_height_unit":"","ocean_menu_typo_spacing":0,"ocean_menu_typo_spacing_tablet":0,"ocean_menu_typo_spacing_mobile":0,"ocean_menu_typo_spacing_unit":"","ocean_menu_link_color":"","ocean_menu_link_color_hover":"","ocean_menu_link_color_active":"","ocean_menu_link_background":"","ocean_menu_link_hover_background":"","ocean_menu_link_active_background":"","ocean_menu_social_links_bg":"","ocean_menu_social_hover_links_bg":"","ocean_menu_social_links_color":"","ocean_menu_social_hover_links_color":"","ocean_disable_title":"enable","ocean_disable_heading":"enable","ocean_post_title":"","ocean_post_subheading":"","ocean_post_title_style":"","ocean_post_title_background_color":"","ocean_post_title_background":0,"ocean_post_title_bg_image_position":"","ocean_post_title_bg_image_attachment":"","ocean_post_title_bg_image_repeat":"","ocean_post_title_bg_image_size":"","ocean_post_title_height":0,"ocean_post_title_bg_overlay":0.5,"ocean_post_title_bg_overlay_color":"","ocean_disable_breadcrumbs":"default","ocean_breadcrumbs_color":"","ocean_breadcrumbs_separator_color":"","ocean_breadcrumbs_links_color":"","ocean_breadcrumbs_links_hover_color":"","ocean_display_footer_widgets":"default","ocean_display_footer_bottom":"default","ocean_custom_footer_template":"0","footnotes":""},"class_list":["post-40","page","type-page","status-publish","hentry","entry"],"_links":{"self":[{"href":"https:\/\/heimatmuseum-windeck.de\/index.php?rest_route=\/wp\/v2\/pages\/40","targetHints":{"allow":["GET"]}}],"collection":[{"href":"https:\/\/heimatmuseum-windeck.de\/index.php?rest_route=\/wp\/v2\/pages"}],"about":[{"href":"https:\/\/heimatmuseum-windeck.de\/index.php?rest_route=\/wp\/v2\/types\/page"}],"author":[{"embeddable":true,"href":"https:\/\/heimatmuseum-windeck.de\/index.php?rest_route=\/wp\/v2\/users\/1"}],"replies":[{"embeddable":true,"href":"https:\/\/heimatmuseum-windeck.de\/index.php?rest_route=%2Fwp%2Fv2%2Fcomments&post=40"}],"version-history":[{"count":10,"href":"https:\/\/heimatmuseum-windeck.de\/index.php?rest_route=\/wp\/v2\/pages\/40\/revisions"}],"predecessor-version":[{"id":1158,"href":"https:\/\/heimatmuseum-windeck.de\/index.php?rest_route=\/wp\/v2\/pages\/40\/revisions\/1158"}],"wp:attachment":[{"href":"https:\/\/heimatmuseum-windeck.de\/index.php?rest_route=%2Fwp%2Fv2%2Fmedia&parent=40"}],"curies":[{"name":"wp","href":"https:\/\/api.w.org\/{rel}","templated":true}]}}