{"id":38,"date":"2022-03-02T15:21:37","date_gmt":"2022-03-02T14:21:37","guid":{"rendered":"https:\/\/heimatmuseum-windeck.de\/wp\/?page_id=38"},"modified":"2025-11-01T17:51:42","modified_gmt":"2025-11-01T16:51:42","slug":"das-museum","status":"publish","type":"page","link":"https:\/\/heimatmuseum-windeck.de\/?page_id=38","title":{"rendered":"Das Museum"},"content":{"rendered":"\t\t<div data-elementor-type=\"wp-page\" data-elementor-id=\"38\" class=\"elementor elementor-38\">\n\t\t\t\t\t\t<section class=\"elementor-section elementor-top-section elementor-element elementor-element-3742afe elementor-section-boxed elementor-section-height-default elementor-section-height-default\" data-id=\"3742afe\" data-element_type=\"section\" data-e-type=\"section\" data-settings=\"{&quot;background_background&quot;:&quot;slideshow&quot;,&quot;background_slideshow_gallery&quot;:[],&quot;background_slideshow_loop&quot;:&quot;yes&quot;,&quot;background_slideshow_slide_duration&quot;:5000,&quot;background_slideshow_slide_transition&quot;:&quot;fade&quot;,&quot;background_slideshow_transition_duration&quot;:500}\">\n\t\t\t\t\t\t<div class=\"elementor-container elementor-column-gap-default\">\n\t\t\t\t\t<div class=\"elementor-column elementor-col-100 elementor-top-column elementor-element elementor-element-37f1e2d\" data-id=\"37f1e2d\" data-element_type=\"column\" data-e-type=\"column\">\n\t\t\t<div class=\"elementor-widget-wrap elementor-element-populated\">\n\t\t\t\t\t\t<div class=\"elementor-element elementor-element-aaad967 elementor-widget elementor-widget-heading\" data-id=\"aaad967\" data-element_type=\"widget\" data-e-type=\"widget\" data-widget_type=\"heading.default\">\n\t\t\t\t<div class=\"elementor-widget-container\">\n\t\t\t\t\t<h4 class=\"elementor-heading-title elementor-size-medium\">Das Hauptgeb\u00e4ude<br><br>Die Fachwerkh\u00e4user und der Museumsgarten<br><br>Die Scheunen und M\u00fchlen<br><br>Die neuen Bauten und Projekte<br><\/h4>\t\t\t\t<\/div>\n\t\t\t\t<\/div>\n\t\t\t\t<section class=\"elementor-section elementor-inner-section elementor-element elementor-element-9cf16c6 elementor-section-boxed elementor-section-height-default elementor-section-height-default\" data-id=\"9cf16c6\" data-element_type=\"section\" data-e-type=\"section\">\n\t\t\t\t\t\t<div class=\"elementor-container elementor-column-gap-default\">\n\t\t\t\t\t<div class=\"elementor-column elementor-col-100 elementor-inner-column elementor-element elementor-element-0024020\" data-id=\"0024020\" data-element_type=\"column\" data-e-type=\"column\">\n\t\t\t<div class=\"elementor-widget-wrap elementor-element-populated\">\n\t\t\t\t\t\t<div class=\"elementor-element elementor-element-e72dc4d elementor-widget elementor-widget-heading\" data-id=\"e72dc4d\" data-element_type=\"widget\" data-e-type=\"widget\" data-widget_type=\"heading.default\">\n\t\t\t\t<div class=\"elementor-widget-container\">\n\t\t\t\t\t<h2 class=\"elementor-heading-title elementor-size-medium\">Das Hauptgeb\u00e4ude<\/h2>\t\t\t\t<\/div>\n\t\t\t\t<\/div>\n\t\t\t\t<div class=\"elementor-element elementor-element-4c77c11 elementor-widget elementor-widget-text-editor\" data-id=\"4c77c11\" data-element_type=\"widget\" data-e-type=\"widget\" data-widget_type=\"text-editor.default\">\n\t\t\t\t<div class=\"elementor-widget-container\">\n\t\t\t\t\t\t\t\t\t<p data-wp-editing=\"1\"><a href=\"https:\/\/heimatmuseum-windeck.de\/wp\/wp-content\/uploads\/Hauptgebaeude_1-Kopie-scaled.jpg\" data-rel=\"lightbox-image-0\" data-rl_title=\"Hauptgeb\u00e4ude Ausstellung\" data-rl_caption=\"Hauptgeb\u00e4ude Ausstellung\" title=\"Hauptgeb\u00e4ude Ausstellung\"><img fetchpriority=\"high\" decoding=\"async\" class=\"alignleft wp-image-363\" src=\"https:\/\/heimatmuseum-windeck.de\/wp\/wp-content\/uploads\/Hauptgebaeude_1-Kopie-300x200.jpg\" alt=\"\" width=\"323\" height=\"215\" srcset=\"https:\/\/heimatmuseum-windeck.de\/wp\/wp-content\/uploads\/Hauptgebaeude_1-Kopie-300x200.jpg 300w, https:\/\/heimatmuseum-windeck.de\/wp\/wp-content\/uploads\/Hauptgebaeude_1-Kopie-1024x683.jpg 1024w, https:\/\/heimatmuseum-windeck.de\/wp\/wp-content\/uploads\/Hauptgebaeude_1-Kopie-768x512.jpg 768w, https:\/\/heimatmuseum-windeck.de\/wp\/wp-content\/uploads\/Hauptgebaeude_1-Kopie-1536x1024.jpg 1536w, https:\/\/heimatmuseum-windeck.de\/wp\/wp-content\/uploads\/Hauptgebaeude_1-Kopie-2048x1365.jpg 2048w\" sizes=\"(max-width: 323px) 100vw, 323px\" \/><\/a><\/p><p data-wp-editing=\"1\">Im alten Schulgeb\u00e4ude von Altwindeck aus dem Jahre 1900 laden auf zwei Etagen alte Gegenst\u00e4nde aus verschiedenen Themenbereichen zum St\u00f6bern ein. Sie spiegeln die l\u00e4ndliche Lebenswelt, die Freuden und Probleme unserer Gro\u00dfeltern und Urgro\u00dfeltern wider.<\/p><p data-wp-editing=\"1\"><b><a href=\"https:\/\/heimatmuseum-windeck.de\/wp\/wp-content\/uploads\/P1100845-scaled.jpg\" data-rel=\"lightbox-image-1\" data-rl_title=\"Individuum und Gemeinschaft\" data-rl_caption=\"Individuum und Gemeinschaft\" title=\"Individuum und Gemeinschaft\"><img decoding=\"async\" class=\"alignright wp-image-391 size-medium\" src=\"https:\/\/heimatmuseum-windeck.de\/wp\/wp-content\/uploads\/P1100845-300x225.jpg\" alt=\"\" width=\"300\" height=\"225\" srcset=\"https:\/\/heimatmuseum-windeck.de\/wp\/wp-content\/uploads\/P1100845-300x225.jpg 300w, https:\/\/heimatmuseum-windeck.de\/wp\/wp-content\/uploads\/P1100845-1024x768.jpg 1024w, https:\/\/heimatmuseum-windeck.de\/wp\/wp-content\/uploads\/P1100845-768x576.jpg 768w, https:\/\/heimatmuseum-windeck.de\/wp\/wp-content\/uploads\/P1100845-1536x1152.jpg 1536w, https:\/\/heimatmuseum-windeck.de\/wp\/wp-content\/uploads\/P1100845-2048x1536.jpg 2048w\" sizes=\"(max-width: 300px) 100vw, 300px\" \/><\/a><\/b>Im ersten Raum sind die <b>Fu<\/b><b>nd<\/b><b>e von der Burg Windeck<\/b> ausgestellt. Vom Leben der Menschen in Windeck vermitteln alte M\u00f6bel, Geschirr und Lampen einen Eindruck. Neben altem Kinderspielzeug werden typische Gegenst\u00e4nde aus dem Leben der Frauen und M\u00e4nner einander gegen\u00fcbergestellt.<\/p><p><a href=\"https:\/\/heimatmuseum-windeck.de\/wp\/wp-content\/uploads\/20190505_134948-2-scaled.jpg\" data-rel=\"lightbox-image-2\" data-rl_title=\"K\u00fcchenger\u00e4te\" data-rl_caption=\"K\u00fcchenger\u00e4te\" title=\"K\u00fcchenger\u00e4te\"><img decoding=\"async\" class=\"alignleft wp-image-440\" src=\"https:\/\/heimatmuseum-windeck.de\/wp\/wp-content\/uploads\/20190505_134948-2-169x300.jpg\" alt=\"\" width=\"169\" height=\"300\" srcset=\"https:\/\/heimatmuseum-windeck.de\/wp\/wp-content\/uploads\/20190505_134948-2-169x300.jpg 169w, https:\/\/heimatmuseum-windeck.de\/wp\/wp-content\/uploads\/20190505_134948-2-576x1024.jpg 576w, https:\/\/heimatmuseum-windeck.de\/wp\/wp-content\/uploads\/20190505_134948-2-768x1365.jpg 768w, https:\/\/heimatmuseum-windeck.de\/wp\/wp-content\/uploads\/20190505_134948-2-864x1536.jpg 864w, https:\/\/heimatmuseum-windeck.de\/wp\/wp-content\/uploads\/20190505_134948-2-1152x2048.jpg 1152w, https:\/\/heimatmuseum-windeck.de\/wp\/wp-content\/uploads\/20190505_134948-2-scaled.jpg 1440w\" sizes=\"(max-width: 169px) 100vw, 169px\" \/><\/a><\/p><p>Der folgende Raum ist der <b>K\u00fcche und der Nahrungszubereitung<\/b> gewidmet. Butterf\u00e4sser, Vorratsgef\u00e4\u00dfe und Ger\u00e4te, die fr\u00fcher noch nicht elektrisch betrieben wurden, zeugen von Selbstversorgung, Vorratswirtschaft und m\u00fchsamer Handarbeit.<\/p><p>Bergische Uhren und das <b>Handwerk des Uhrmachers<\/b> stehen im Mittelpunkt des dritten Raumes. Au\u00dferdem werden private Gegenst\u00e4nde der Volksfr\u00f6mmigkeit und liturgische Ger\u00e4te aus Kirchen der Umgebung gezeigt.<\/p><p><a href=\"https:\/\/heimatmuseum-windeck.de\/wp\/wp-content\/uploads\/20190505_135231-2-scaled.jpg\" data-rel=\"lightbox-image-3\" data-rl_title=\"Am Fahrkartenschalter\" data-rl_caption=\"Am Fahrkartenschalter\" title=\"Am Fahrkartenschalter\"><img loading=\"lazy\" decoding=\"async\" class=\"alignleft wp-image-439\" src=\"https:\/\/heimatmuseum-windeck.de\/wp\/wp-content\/uploads\/20190505_135231-2-169x300.jpg\" alt=\"\" width=\"126\" height=\"223\" srcset=\"https:\/\/heimatmuseum-windeck.de\/wp\/wp-content\/uploads\/20190505_135231-2-169x300.jpg 169w, https:\/\/heimatmuseum-windeck.de\/wp\/wp-content\/uploads\/20190505_135231-2-576x1024.jpg 576w, https:\/\/heimatmuseum-windeck.de\/wp\/wp-content\/uploads\/20190505_135231-2-768x1365.jpg 768w, https:\/\/heimatmuseum-windeck.de\/wp\/wp-content\/uploads\/20190505_135231-2-864x1536.jpg 864w, https:\/\/heimatmuseum-windeck.de\/wp\/wp-content\/uploads\/20190505_135231-2-1152x2048.jpg 1152w, https:\/\/heimatmuseum-windeck.de\/wp\/wp-content\/uploads\/20190505_135231-2-scaled.jpg 1440w\" sizes=\"(max-width: 126px) 100vw, 126px\" \/><\/a>Im n\u00e4chsten Raum steht der Besucher vor dem Original-Fahrkartenschalter des ehemaligen Bahnhofes Dattenfeld. Die Abfahrtszeiten der Z\u00fcge nach Betzdorf oder K\u00f6ln sind auf der Fahrplantafel ersichtlich und eine Fahrkarte k\u00f6nnte auch noch ausgestellt werden! Einen Bericht \u00fcber die Eisenbahn finden Sie <strong><u><a href=\"https:\/\/www.ksta.de\/region\/rhein-sieg-bonn\/eitorf---windeck\/museumsdorf-altwindeck-dampfross-rauscht-durchs-siegtal-4841462?cb=1647535165810&amp;\" target=\"_blank\" rel=\"noopener\">hier<\/a><\/u>.<\/strong><br \/>Daneben widmet sich dieser Raum dem Thema <b>Kommunikation und Technik<\/b>. Alte Fernsprecher, zahlreiche Schreibmaschinen, Fotoapparate, Radioapparate und Musikger\u00e4te zeigen dem Besucher die technischen Entwicklungen in Zeiten vor der Digitalisierung. Ein alter Polyphon-Plattenspieler, mit dem Schallplatten aus Metallblech abgespielt werden k\u00f6nnen, ist eines der vielen kuriosen Ausstellungsst\u00fccke. Mancher Besucher wird sich beim Anblick der walkman-Cassettenabspieler oder der alten Grundig Stereoger\u00e4te in seine Jugend zur\u00fcck versetzt f\u00fchlen.<\/p><p>Ein originaler &#8222;Tante-Emma-Laden&#8220; l\u00e4sst vor allem Kinder erleben, wo man vor dem Zeitalter des Supermarktes einkaufte.<\/p><p><a href=\"https:\/\/heimatmuseum-windeck.de\/wp\/wp-content\/uploads\/IMG_20210704_170716-scaled.jpg\" data-rel=\"lightbox-image-4\" data-rl_title=\"Im Schulzimmer\" data-rl_caption=\"Im Schulzimmer\" title=\"Im Schulzimmer\"><img loading=\"lazy\" decoding=\"async\" class=\"alignright wp-image-480\" src=\"https:\/\/heimatmuseum-windeck.de\/wp\/wp-content\/uploads\/IMG_20210704_170716-300x139.jpg\" alt=\"\" width=\"321\" height=\"149\" srcset=\"https:\/\/heimatmuseum-windeck.de\/wp\/wp-content\/uploads\/IMG_20210704_170716-300x139.jpg 300w, https:\/\/heimatmuseum-windeck.de\/wp\/wp-content\/uploads\/IMG_20210704_170716-1024x473.jpg 1024w, https:\/\/heimatmuseum-windeck.de\/wp\/wp-content\/uploads\/IMG_20210704_170716-768x355.jpg 768w, https:\/\/heimatmuseum-windeck.de\/wp\/wp-content\/uploads\/IMG_20210704_170716-1536x710.jpg 1536w, https:\/\/heimatmuseum-windeck.de\/wp\/wp-content\/uploads\/IMG_20210704_170716-2048x946.jpg 2048w\" sizes=\"(max-width: 321px) 100vw, 321px\" \/><\/a><\/p><p>Im <strong>Dachboden<\/strong> des Hauptgeb\u00e4udes sind verschiedene alte Handwerke dargestellt: Schmied, Sattler und Schuster sind ebenso vertreten wie eine Imkerei, eine N\u00e4hstube und ein alter Friseursalon. In einem weiteren Raum sind Gegenst\u00e4nde des B\u00e4ckerhandwerks und sogar eine originale Backofenfront ausgestellt.<\/p><p>Im letzten Raum versetzen uns die alten Schulb\u00e4nke mit eingelassenen Tintenf\u00e4sschen, Pult, Rechenmaschine und Tafel in die Schulzeit um 1900.<\/p><h2><u><b>\u00a0<\/b><\/u><\/h2>\t\t\t\t\t\t\t\t<\/div>\n\t\t\t\t<\/div>\n\t\t\t\t\t<\/div>\n\t\t<\/div>\n\t\t\t\t\t<\/div>\n\t\t<\/section>\n\t\t\t\t\t<\/div>\n\t\t<\/div>\n\t\t\t\t\t<\/div>\n\t\t<\/section>\n\t\t\t\t<section class=\"elementor-section elementor-top-section elementor-element elementor-element-3ade42e elementor-section-full_width elementor-section-height-default elementor-section-height-default\" data-id=\"3ade42e\" data-element_type=\"section\" data-e-type=\"section\">\n\t\t\t\t\t\t<div class=\"elementor-container elementor-column-gap-default\">\n\t\t\t\t\t<div class=\"elementor-column elementor-col-33 elementor-top-column elementor-element elementor-element-336b989\" data-id=\"336b989\" data-element_type=\"column\" data-e-type=\"column\">\n\t\t\t<div class=\"elementor-widget-wrap elementor-element-populated\">\n\t\t\t\t\t\t<div class=\"elementor-element elementor-element-46df37a elementor-align-center elementor-widget elementor-widget-button\" data-id=\"46df37a\" data-element_type=\"widget\" data-e-type=\"widget\" data-widget_type=\"button.default\">\n\t\t\t\t<div class=\"elementor-widget-container\">\n\t\t\t\t\t\t\t\t\t<div class=\"elementor-button-wrapper\">\n\t\t\t\t\t<a class=\"elementor-button elementor-button-link elementor-size-md elementor-animation-grow\" href=\"https:\/\/heimatmuseum-windeck.de\/?page_id=502\">\n\t\t\t\t\t\t<span class=\"elementor-button-content-wrapper\">\n\t\t\t\t\t\t\t\t\t<span class=\"elementor-button-text\">Fachwerkh\u00e4user<\/span>\n\t\t\t\t\t<\/span>\n\t\t\t\t\t<\/a>\n\t\t\t\t<\/div>\n\t\t\t\t\t\t\t\t<\/div>\n\t\t\t\t<\/div>\n\t\t\t\t\t<\/div>\n\t\t<\/div>\n\t\t\t\t<div class=\"elementor-column elementor-col-33 elementor-top-column elementor-element elementor-element-6e812cd\" data-id=\"6e812cd\" data-element_type=\"column\" data-e-type=\"column\">\n\t\t\t<div class=\"elementor-widget-wrap elementor-element-populated\">\n\t\t\t\t\t\t<div class=\"elementor-element elementor-element-7e7a6ee elementor-align-center elementor-widget elementor-widget-button\" data-id=\"7e7a6ee\" data-element_type=\"widget\" data-e-type=\"widget\" data-widget_type=\"button.default\">\n\t\t\t\t<div class=\"elementor-widget-container\">\n\t\t\t\t\t\t\t\t\t<div class=\"elementor-button-wrapper\">\n\t\t\t\t\t<a class=\"elementor-button elementor-button-link elementor-size-md elementor-animation-grow\" href=\"https:\/\/heimatmuseum-windeck.de\/?page_id=504\">\n\t\t\t\t\t\t<span class=\"elementor-button-content-wrapper\">\n\t\t\t\t\t\t\t\t\t<span class=\"elementor-button-text\">Scheunen und M\u00fchlen<\/span>\n\t\t\t\t\t<\/span>\n\t\t\t\t\t<\/a>\n\t\t\t\t<\/div>\n\t\t\t\t\t\t\t\t<\/div>\n\t\t\t\t<\/div>\n\t\t\t\t\t<\/div>\n\t\t<\/div>\n\t\t\t\t<div class=\"elementor-column elementor-col-33 elementor-top-column elementor-element elementor-element-c8bb06d\" data-id=\"c8bb06d\" data-element_type=\"column\" data-e-type=\"column\">\n\t\t\t<div class=\"elementor-widget-wrap elementor-element-populated\">\n\t\t\t\t\t\t<div class=\"elementor-element elementor-element-3258a0a elementor-align-center elementor-widget elementor-widget-button\" data-id=\"3258a0a\" data-element_type=\"widget\" data-e-type=\"widget\" data-widget_type=\"button.default\">\n\t\t\t\t<div class=\"elementor-widget-container\">\n\t\t\t\t\t\t\t\t\t<div class=\"elementor-button-wrapper\">\n\t\t\t\t\t<a class=\"elementor-button elementor-button-link elementor-size-md elementor-animation-grow\" href=\"https:\/\/heimatmuseum-windeck.de\/?page_id=506\">\n\t\t\t\t\t\t<span class=\"elementor-button-content-wrapper\">\n\t\t\t\t\t\t\t\t\t<span class=\"elementor-button-text\">Neue Bauten und Projekte<\/span>\n\t\t\t\t\t<\/span>\n\t\t\t\t\t<\/a>\n\t\t\t\t<\/div>\n\t\t\t\t\t\t\t\t<\/div>\n\t\t\t\t<\/div>\n\t\t\t\t\t<\/div>\n\t\t<\/div>\n\t\t\t\t\t<\/div>\n\t\t<\/section>\n\t\t\t\t<\/div>\n\t\t","protected":false},"excerpt":{"rendered":"<p>Das Hauptgeb\u00e4ude Die Fachwerkh\u00e4user und der Museumsgarten Die Scheunen und M\u00fchlen Die neuen Bauten und Projekte Das Hauptgeb\u00e4ude Im alten Schulgeb\u00e4ude von Altwindeck aus dem Jahre 1900 laden auf zwei Etagen alte Gegenst\u00e4nde aus verschiedenen Themenbereichen zum St\u00f6bern ein. Sie spiegeln die l\u00e4ndliche Lebenswelt, die Freuden und Probleme unserer Gro\u00dfeltern und Urgro\u00dfeltern wider. Im ersten [&hellip;]<\/p>\n","protected":false},"author":1,"featured_media":0,"parent":0,"menu_order":0,"comment_status":"closed","ping_status":"closed","template":"","meta":{"ocean_post_layout":"right-sidebar","ocean_both_sidebars_style":"","ocean_both_sidebars_content_width":0,"ocean_both_sidebars_sidebars_width":0,"ocean_sidebar":"sidebar","ocean_second_sidebar":"0","ocean_disable_margins":"enable","ocean_add_body_class":"","ocean_shortcode_before_top_bar":"","ocean_shortcode_after_top_bar":"","ocean_shortcode_before_header":"","ocean_shortcode_after_header":"","ocean_has_shortcode":"","ocean_shortcode_after_title":"","ocean_shortcode_before_footer_widgets":"","ocean_shortcode_after_footer_widgets":"","ocean_shortcode_before_footer_bottom":"","ocean_shortcode_after_footer_bottom":"","ocean_display_top_bar":"off","ocean_display_header":"on","ocean_header_style":"","ocean_center_header_left_menu":"0","ocean_custom_header_template":"0","ocean_custom_logo":0,"ocean_custom_retina_logo":0,"ocean_custom_logo_max_width":0,"ocean_custom_logo_tablet_max_width":0,"ocean_custom_logo_mobile_max_width":0,"ocean_custom_logo_max_height":0,"ocean_custom_logo_tablet_max_height":0,"ocean_custom_logo_mobile_max_height":0,"ocean_header_custom_menu":"0","ocean_menu_typo_font_family":"0","ocean_menu_typo_font_subset":"","ocean_menu_typo_font_size":0,"ocean_menu_typo_font_size_tablet":0,"ocean_menu_typo_font_size_mobile":0,"ocean_menu_typo_font_size_unit":"px","ocean_menu_typo_font_weight":"","ocean_menu_typo_font_weight_tablet":"","ocean_menu_typo_font_weight_mobile":"","ocean_menu_typo_transform":"","ocean_menu_typo_transform_tablet":"","ocean_menu_typo_transform_mobile":"","ocean_menu_typo_line_height":0,"ocean_menu_typo_line_height_tablet":0,"ocean_menu_typo_line_height_mobile":0,"ocean_menu_typo_line_height_unit":"","ocean_menu_typo_spacing":0,"ocean_menu_typo_spacing_tablet":0,"ocean_menu_typo_spacing_mobile":0,"ocean_menu_typo_spacing_unit":"","ocean_menu_link_color":"","ocean_menu_link_color_hover":"","ocean_menu_link_color_active":"","ocean_menu_link_background":"","ocean_menu_link_hover_background":"","ocean_menu_link_active_background":"","ocean_menu_social_links_bg":"","ocean_menu_social_hover_links_bg":"","ocean_menu_social_links_color":"","ocean_menu_social_hover_links_color":"","ocean_disable_title":"default","ocean_disable_heading":"default","ocean_post_title":"","ocean_post_subheading":"","ocean_post_title_style":"","ocean_post_title_background_color":"","ocean_post_title_background":0,"ocean_post_title_bg_image_position":"","ocean_post_title_bg_image_attachment":"","ocean_post_title_bg_image_repeat":"","ocean_post_title_bg_image_size":"","ocean_post_title_height":0,"ocean_post_title_bg_overlay":0.5,"ocean_post_title_bg_overlay_color":"","ocean_disable_breadcrumbs":"default","ocean_breadcrumbs_color":"","ocean_breadcrumbs_separator_color":"","ocean_breadcrumbs_links_color":"","ocean_breadcrumbs_links_hover_color":"","ocean_display_footer_widgets":"default","ocean_display_footer_bottom":"default","ocean_custom_footer_template":"0","footnotes":""},"class_list":["post-38","page","type-page","status-publish","hentry","entry"],"_links":{"self":[{"href":"https:\/\/heimatmuseum-windeck.de\/index.php?rest_route=\/wp\/v2\/pages\/38","targetHints":{"allow":["GET"]}}],"collection":[{"href":"https:\/\/heimatmuseum-windeck.de\/index.php?rest_route=\/wp\/v2\/pages"}],"about":[{"href":"https:\/\/heimatmuseum-windeck.de\/index.php?rest_route=\/wp\/v2\/types\/page"}],"author":[{"embeddable":true,"href":"https:\/\/heimatmuseum-windeck.de\/index.php?rest_route=\/wp\/v2\/users\/1"}],"replies":[{"embeddable":true,"href":"https:\/\/heimatmuseum-windeck.de\/index.php?rest_route=%2Fwp%2Fv2%2Fcomments&post=38"}],"version-history":[{"count":10,"href":"https:\/\/heimatmuseum-windeck.de\/index.php?rest_route=\/wp\/v2\/pages\/38\/revisions"}],"predecessor-version":[{"id":2420,"href":"https:\/\/heimatmuseum-windeck.de\/index.php?rest_route=\/wp\/v2\/pages\/38\/revisions\/2420"}],"wp:attachment":[{"href":"https:\/\/heimatmuseum-windeck.de\/index.php?rest_route=%2Fwp%2Fv2%2Fmedia&parent=38"}],"curies":[{"name":"wp","href":"https:\/\/api.w.org\/{rel}","templated":true}]}}